{"id":4551,"date":"2021-05-20T01:46:14","date_gmt":"2021-05-20T01:46:14","guid":{"rendered":"http:\/\/glamaholic.shop\/new\/product\/sim-sensitive-system-4-bio-botanical-serum-500ml\/"},"modified":"2021-05-20T01:46:14","modified_gmt":"2021-05-20T01:46:14","slug":"sim-sensitive-system-4-bio-botanical-serum-500ml","status":"publish","type":"product","link":"https:\/\/glamaholic.shop\/new\/product\/sim-sensitive-system-4-bio-botanical-serum-500ml\/","title":{"rendered":"Sim Sensitive System 4 Bio Botanical Serum 500ml"},"content":{"rendered":"<p>Mot h\u00e5ravfall och tunnh\u00e5righet, passar alla h\u00e5rtyper.<br \/>F\u00f6rebygger f\u00f6r tidigt h\u00e5ravfall. De verksamma \u00e4mnena samt v\u00e4xtextrakten lindrar aktivt&nbsp;irritationen, hj\u00e4lper till att n\u00e5 och bibeh\u00e5lla h\u00e5rbottens naturliga balans.<br \/>Masseras dagligen in i h\u00e5rbotten, sk\u00f6ljs ej ut.<br \/>500ml<\/p>\n","protected":false},"excerpt":{"rendered":"<p>Sim Sensitive System 4 Bio Botanical Serum 500ml<\/p>\n","protected":false},"featured_media":2403,"comment_status":"closed","ping_status":"open","template":"","meta":{"_monsterinsights_skip_tracking":false,"_monsterinsights_sitenote_active":false,"_monsterinsights_sitenote_note":"","_monsterinsights_sitenote_category":0},"hair-type":[82],"manufacturer":[125],"_links":{"self":[{"href":"https:\/\/glamaholic.shop\/new\/wp-json\/wp\/v2\/product\/4551"}],"collection":[{"href":"https:\/\/glamaholic.shop\/new\/wp-json\/wp\/v2\/product"}],"about":[{"href":"https:\/\/glamaholic.shop\/new\/wp-json\/wp\/v2\/types\/product"}],"replies":[{"embeddable":true,"href":"https:\/\/glamaholic.shop\/new\/wp-json\/wp\/v2\/comments?post=4551"}],"wp:featuredmedia":[{"embeddable":true,"href":"https:\/\/glamaholic.shop\/new\/wp-json\/wp\/v2\/media\/2403"}],"wp:attachment":[{"href":"https:\/\/glamaholic.shop\/new\/wp-json\/wp\/v2\/media?parent=4551"}],"wp:term":[{"taxonomy":"hair-type","embeddable":true,"href":"https:\/\/glamaholic.shop\/new\/wp-json\/wp\/v2\/hair-type?post=4551"},{"taxonomy":"manufacturer","embeddable":true,"href":"https:\/\/glamaholic.shop\/new\/wp-json\/wp\/v2\/manufacturer?post=4551"}],"curies":[{"name":"wp","href":"https:\/\/api.w.org\/{rel}","templated":true}]}}