{"id":4530,"date":"2021-05-20T01:46:08","date_gmt":"2021-05-20T01:46:08","guid":{"rendered":"http:\/\/glamaholic.shop\/new\/product\/ref-colour-treatment-541\/"},"modified":"2021-05-20T01:46:10","modified_gmt":"2021-05-20T01:46:10","slug":"ref-colour-treatment-541","status":"publish","type":"product","link":"https:\/\/glamaholic.shop\/new\/product\/ref-colour-treatment-541\/","title":{"rendered":"REF. Colour Treatment 541"},"content":{"rendered":"<p>Colour Treatment 541<br \/> En f\u00e4rgbevarande intensiv inpackning med tamanu oil och silkprotein. F\u00f6rl\u00e4nger livsl\u00e4ngden p\u00e5 f\u00e4rgat och tonat h\u00e5r. Skyddar mot UV- str\u00e5lning och g\u00f6r ditt h\u00e5r b\u00e5de mjukt och blankt. L\u00e5r g\u00e4rna sitta 5-10 min<br \/> An intense treatment with silk protein for fine hair. Nourishes and conditions. Gives lasting shine and leaves your hair soft and silky.<\/p>\n","protected":false},"excerpt":{"rendered":"<p>REF. Colour Treatment 541<\/p>\n","protected":false},"featured_media":2361,"comment_status":"closed","ping_status":"open","template":"","meta":{"_monsterinsights_skip_tracking":false,"_monsterinsights_sitenote_active":false,"_monsterinsights_sitenote_note":"","_monsterinsights_sitenote_category":0},"hair-type":[91],"manufacturer":[110],"_links":{"self":[{"href":"https:\/\/glamaholic.shop\/new\/wp-json\/wp\/v2\/product\/4530"}],"collection":[{"href":"https:\/\/glamaholic.shop\/new\/wp-json\/wp\/v2\/product"}],"about":[{"href":"https:\/\/glamaholic.shop\/new\/wp-json\/wp\/v2\/types\/product"}],"replies":[{"embeddable":true,"href":"https:\/\/glamaholic.shop\/new\/wp-json\/wp\/v2\/comments?post=4530"}],"wp:featuredmedia":[{"embeddable":true,"href":"https:\/\/glamaholic.shop\/new\/wp-json\/wp\/v2\/media\/2361"}],"wp:attachment":[{"href":"https:\/\/glamaholic.shop\/new\/wp-json\/wp\/v2\/media?parent=4530"}],"wp:term":[{"taxonomy":"hair-type","embeddable":true,"href":"https:\/\/glamaholic.shop\/new\/wp-json\/wp\/v2\/hair-type?post=4530"},{"taxonomy":"manufacturer","embeddable":true,"href":"https:\/\/glamaholic.shop\/new\/wp-json\/wp\/v2\/manufacturer?post=4530"}],"curies":[{"name":"wp","href":"https:\/\/api.w.org\/{rel}","templated":true}]}}