{"id":4526,"date":"2021-05-20T01:46:08","date_gmt":"2021-05-20T01:46:08","guid":{"rendered":"http:\/\/glamaholic.shop\/new\/product\/ref-leave-in-treatment-533\/"},"modified":"2021-05-20T01:46:10","modified_gmt":"2021-05-20T01:46:10","slug":"ref-leave-in-treatment-533","status":"publish","type":"product","link":"https:\/\/glamaholic.shop\/new\/product\/ref-leave-in-treatment-533\/","title":{"rendered":"REF. Leave-in Treatment 533"},"content":{"rendered":"<p><span>Inpackning med stylingegenskaper. Inneh\u00e5ller proteiner och botaniska extrakt som ger v\u00e5rd och glans till livl\u00f6st och skadat h\u00e5r.&nbsp;<\/span><br \/><span><br \/>&#8211; Sk\u00f6lj ej ur.&nbsp;<\/span><\/p>\n<p> 75ml<\/p>\n","protected":false},"excerpt":{"rendered":"<p>REF. Leave-in Treatment 533<\/p>\n","protected":false},"featured_media":2353,"comment_status":"closed","ping_status":"open","template":"","meta":{"_monsterinsights_skip_tracking":false,"_monsterinsights_sitenote_active":false,"_monsterinsights_sitenote_note":"","_monsterinsights_sitenote_category":0},"hair-type":[93],"manufacturer":[110],"_links":{"self":[{"href":"https:\/\/glamaholic.shop\/new\/wp-json\/wp\/v2\/product\/4526"}],"collection":[{"href":"https:\/\/glamaholic.shop\/new\/wp-json\/wp\/v2\/product"}],"about":[{"href":"https:\/\/glamaholic.shop\/new\/wp-json\/wp\/v2\/types\/product"}],"replies":[{"embeddable":true,"href":"https:\/\/glamaholic.shop\/new\/wp-json\/wp\/v2\/comments?post=4526"}],"wp:featuredmedia":[{"embeddable":true,"href":"https:\/\/glamaholic.shop\/new\/wp-json\/wp\/v2\/media\/2353"}],"wp:attachment":[{"href":"https:\/\/glamaholic.shop\/new\/wp-json\/wp\/v2\/media?parent=4526"}],"wp:term":[{"taxonomy":"hair-type","embeddable":true,"href":"https:\/\/glamaholic.shop\/new\/wp-json\/wp\/v2\/hair-type?post=4526"},{"taxonomy":"manufacturer","embeddable":true,"href":"https:\/\/glamaholic.shop\/new\/wp-json\/wp\/v2\/manufacturer?post=4526"}],"curies":[{"name":"wp","href":"https:\/\/api.w.org\/{rel}","templated":true}]}}