{"id":4524,"date":"2021-05-20T01:46:08","date_gmt":"2021-05-20T01:46:08","guid":{"rendered":"http:\/\/glamaholic.shop\/new\/product\/ref-repair-treatment-mask-550\/"},"modified":"2021-05-20T01:46:09","modified_gmt":"2021-05-20T01:46:09","slug":"ref-repair-treatment-mask-550","status":"publish","type":"product","link":"https:\/\/glamaholic.shop\/new\/product\/ref-repair-treatment-mask-550\/","title":{"rendered":"REF. Repair Treatment Mask 550"},"content":{"rendered":"<p>Reparerar h\u00e5r som \u00e4r torrt och skadat. St\u00e4ker, bygger upp och j\u00e4mnar h\u00e5ret utan att torka eller bleka f\u00e4rgen.<br \/>St\u00e4rker och \u00e5terst\u00e4ller fibrer och f\u00f6rb\u00e4ttrar elasticitet och glans. Perfekt f\u00f6r kemiskt behandlat h\u00e5r.<br \/>-Parabeen<br \/>-sulfatfri<br \/>-Inneh\u00e5ller Argan och Ramanu Olja, Walnut och hasseln\u00f6tsolja<br \/>-Inneh\u00e5ller Neem och Keratin<br \/>Anv\u00e4ndning:<br \/>Masssera in och l\u00e5t verka i 3-5 minuter.<br \/>Sk\u00f6lj.<br \/>F\u00f6r mycket skadat h\u00e5r, l\u00e4mna \u00f6ver natten.<br \/>750ml<\/p>\n","protected":false},"excerpt":{"rendered":"<p>REF. Repair Treatment Mask 550<\/p>\n","protected":false},"featured_media":2349,"comment_status":"closed","ping_status":"open","template":"","meta":{"_monsterinsights_skip_tracking":false,"_monsterinsights_sitenote_active":false,"_monsterinsights_sitenote_note":"","_monsterinsights_sitenote_category":0},"hair-type":[88],"manufacturer":[110],"_links":{"self":[{"href":"https:\/\/glamaholic.shop\/new\/wp-json\/wp\/v2\/product\/4524"}],"collection":[{"href":"https:\/\/glamaholic.shop\/new\/wp-json\/wp\/v2\/product"}],"about":[{"href":"https:\/\/glamaholic.shop\/new\/wp-json\/wp\/v2\/types\/product"}],"replies":[{"embeddable":true,"href":"https:\/\/glamaholic.shop\/new\/wp-json\/wp\/v2\/comments?post=4524"}],"wp:featuredmedia":[{"embeddable":true,"href":"https:\/\/glamaholic.shop\/new\/wp-json\/wp\/v2\/media\/2349"}],"wp:attachment":[{"href":"https:\/\/glamaholic.shop\/new\/wp-json\/wp\/v2\/media?parent=4524"}],"wp:term":[{"taxonomy":"hair-type","embeddable":true,"href":"https:\/\/glamaholic.shop\/new\/wp-json\/wp\/v2\/hair-type?post=4524"},{"taxonomy":"manufacturer","embeddable":true,"href":"https:\/\/glamaholic.shop\/new\/wp-json\/wp\/v2\/manufacturer?post=4524"}],"curies":[{"name":"wp","href":"https:\/\/api.w.org\/{rel}","templated":true}]}}