{"id":4523,"date":"2021-05-20T01:46:08","date_gmt":"2021-05-20T01:46:08","guid":{"rendered":"http:\/\/glamaholic.shop\/new\/product\/ref-550-argan-oil-75ml\/"},"modified":"2021-05-20T01:46:09","modified_gmt":"2021-05-20T01:46:09","slug":"ref-550-argan-oil-75ml","status":"publish","type":"product","link":"https:\/\/glamaholic.shop\/new\/product\/ref-550-argan-oil-75ml\/","title":{"rendered":"REF.550 Argan Oil 75ml"},"content":{"rendered":"<p>En flytande behandling f\u00f6r torrt, skadat och frissigt h\u00e5r.<br \/>Ger fukt, st\u00e4rker h\u00e5rstr\u00e5et och reparerar det.<br \/>G\u00f6r h\u00e5ret friskt och gl\u00e4nsande.<br \/>Anv\u00e4nd i fuktigt eller torrt h\u00e5r.<\/p>\n<p>75ml<\/p>\n","protected":false},"excerpt":{"rendered":"<p>REF.550 Argan Oil 75ml<\/p>\n","protected":false},"featured_media":2347,"comment_status":"closed","ping_status":"open","template":"","meta":{"_monsterinsights_skip_tracking":false,"_monsterinsights_sitenote_active":false,"_monsterinsights_sitenote_note":"","_monsterinsights_sitenote_category":0},"hair-type":[],"manufacturer":[110],"_links":{"self":[{"href":"https:\/\/glamaholic.shop\/new\/wp-json\/wp\/v2\/product\/4523"}],"collection":[{"href":"https:\/\/glamaholic.shop\/new\/wp-json\/wp\/v2\/product"}],"about":[{"href":"https:\/\/glamaholic.shop\/new\/wp-json\/wp\/v2\/types\/product"}],"replies":[{"embeddable":true,"href":"https:\/\/glamaholic.shop\/new\/wp-json\/wp\/v2\/comments?post=4523"}],"wp:featuredmedia":[{"embeddable":true,"href":"https:\/\/glamaholic.shop\/new\/wp-json\/wp\/v2\/media\/2347"}],"wp:attachment":[{"href":"https:\/\/glamaholic.shop\/new\/wp-json\/wp\/v2\/media?parent=4523"}],"wp:term":[{"taxonomy":"hair-type","embeddable":true,"href":"https:\/\/glamaholic.shop\/new\/wp-json\/wp\/v2\/hair-type?post=4523"},{"taxonomy":"manufacturer","embeddable":true,"href":"https:\/\/glamaholic.shop\/new\/wp-json\/wp\/v2\/manufacturer?post=4523"}],"curies":[{"name":"wp","href":"https:\/\/api.w.org\/{rel}","templated":true}]}}