{"id":4516,"date":"2021-05-20T01:46:08","date_gmt":"2021-05-20T01:46:08","guid":{"rendered":"http:\/\/glamaholic.shop\/new\/product\/paul-mitchell-strength-super-strong-treatment-200ml\/"},"modified":"2021-05-20T01:46:08","modified_gmt":"2021-05-20T01:46:08","slug":"paul-mitchell-strength-super-strong-treatment-200ml","status":"publish","type":"product","link":"https:\/\/glamaholic.shop\/new\/product\/paul-mitchell-strength-super-strong-treatment-200ml\/","title":{"rendered":"Paul Mitchell Strength Super Strong Treatment 200ml"},"content":{"rendered":"<p> Super Strong Treatment Bygger upp och Reparerar. <br \/> \u00c5teruppbygger h\u00e5rets inre struktur. Lipidrika <br \/> konditionerande \u00e4mnen g\u00f6r h\u00e5ret f\u00f6ljsamt och f\u00f6rhindrar <br \/> ytterligare skador. Veteprotein \u00e5terger h\u00e5ret styrka <br \/> och elasticitet. <\/p>\n<p> \u00c5teruppbygger h\u00e5rets inre struktur <br \/> Lipidrika konditionerande \u00e4mnen g\u00f6r h\u00e5ret f\u00f6ljsamt <br \/> och f\u00f6rhindrar Ytterligare skador <br \/> Veteprotein \u00e5terger h\u00e5rets styrka och elasticitet<\/p>\n<p> 200ml<\/p>\n","protected":false},"excerpt":{"rendered":"<p>Paul Mitchell Strength Super Strong Treatment 200ml<\/p>\n","protected":false},"featured_media":2333,"comment_status":"closed","ping_status":"open","template":"","meta":{"_monsterinsights_skip_tracking":false,"_monsterinsights_sitenote_active":false,"_monsterinsights_sitenote_note":"","_monsterinsights_sitenote_category":0},"hair-type":[88],"manufacturer":[109],"_links":{"self":[{"href":"https:\/\/glamaholic.shop\/new\/wp-json\/wp\/v2\/product\/4516"}],"collection":[{"href":"https:\/\/glamaholic.shop\/new\/wp-json\/wp\/v2\/product"}],"about":[{"href":"https:\/\/glamaholic.shop\/new\/wp-json\/wp\/v2\/types\/product"}],"replies":[{"embeddable":true,"href":"https:\/\/glamaholic.shop\/new\/wp-json\/wp\/v2\/comments?post=4516"}],"wp:featuredmedia":[{"embeddable":true,"href":"https:\/\/glamaholic.shop\/new\/wp-json\/wp\/v2\/media\/2333"}],"wp:attachment":[{"href":"https:\/\/glamaholic.shop\/new\/wp-json\/wp\/v2\/media?parent=4516"}],"wp:term":[{"taxonomy":"hair-type","embeddable":true,"href":"https:\/\/glamaholic.shop\/new\/wp-json\/wp\/v2\/hair-type?post=4516"},{"taxonomy":"manufacturer","embeddable":true,"href":"https:\/\/glamaholic.shop\/new\/wp-json\/wp\/v2\/manufacturer?post=4516"}],"curies":[{"name":"wp","href":"https:\/\/api.w.org\/{rel}","templated":true}]}}