{"id":4471,"date":"2021-05-20T01:46:01","date_gmt":"2021-05-20T01:46:01","guid":{"rendered":"http:\/\/glamaholic.shop\/new\/product\/maria-nila-palett-masque-pure-volume\/"},"modified":"2021-05-20T01:46:01","modified_gmt":"2021-05-20T01:46:01","slug":"maria-nila-palett-masque-pure-volume","status":"publish","type":"product","link":"https:\/\/glamaholic.shop\/new\/product\/maria-nila-palett-masque-pure-volume\/","title":{"rendered":"Maria Nila Palett Masque Pure Volume"},"content":{"rendered":"<p>En skonsam l\u00e4ttviktig behandling f\u00f6r fina, tunna h\u00e5r som \u00e5terfuktar, ger n\u00e4ring och ett silkesmjukt resultat utan att tynga ner. Vitamin B5 ger h\u00e5ret volym, sp\u00e4nst och l\u00e5ng h\u00e5llbarhet. Colour Guard Complex reducerar f\u00e4rgf\u00f6rlusten som uppst\u00e5r vid tv\u00e4tt, v\u00e4rmestyling och skyddar h\u00e5ret mot UV-str\u00e5lning samt fria radikaler.<br \/><strong>Anv\u00e4ndning:<\/strong><br \/>Appliceras i nytv\u00e4ttat h\u00e5r. L\u00e5t verka 3 min. F\u00f6r en mer djupverkande effekt &amp;ndash applicera i handdukstorkat h\u00e5r och l\u00e5t verka 5&amp;ndash10 minuter. Sk\u00f6lj ur och avsluta behandlingen med ett balsam.<br \/>250ml<\/p>\n","protected":false},"excerpt":{"rendered":"<p>Maria Nila Palett Masque Pure Volume<\/p>\n","protected":false},"featured_media":2243,"comment_status":"closed","ping_status":"open","template":"","meta":{"_monsterinsights_skip_tracking":false,"_monsterinsights_sitenote_active":false,"_monsterinsights_sitenote_note":"","_monsterinsights_sitenote_category":0},"hair-type":[91],"manufacturer":[104],"_links":{"self":[{"href":"https:\/\/glamaholic.shop\/new\/wp-json\/wp\/v2\/product\/4471"}],"collection":[{"href":"https:\/\/glamaholic.shop\/new\/wp-json\/wp\/v2\/product"}],"about":[{"href":"https:\/\/glamaholic.shop\/new\/wp-json\/wp\/v2\/types\/product"}],"replies":[{"embeddable":true,"href":"https:\/\/glamaholic.shop\/new\/wp-json\/wp\/v2\/comments?post=4471"}],"wp:featuredmedia":[{"embeddable":true,"href":"https:\/\/glamaholic.shop\/new\/wp-json\/wp\/v2\/media\/2243"}],"wp:attachment":[{"href":"https:\/\/glamaholic.shop\/new\/wp-json\/wp\/v2\/media?parent=4471"}],"wp:term":[{"taxonomy":"hair-type","embeddable":true,"href":"https:\/\/glamaholic.shop\/new\/wp-json\/wp\/v2\/hair-type?post=4471"},{"taxonomy":"manufacturer","embeddable":true,"href":"https:\/\/glamaholic.shop\/new\/wp-json\/wp\/v2\/manufacturer?post=4471"}],"curies":[{"name":"wp","href":"https:\/\/api.w.org\/{rel}","templated":true}]}}