{"id":4469,"date":"2021-05-20T01:45:58","date_gmt":"2021-05-20T01:45:58","guid":{"rendered":"http:\/\/glamaholic.shop\/new\/product\/maria-nila-palett-masque-luminous-color\/"},"modified":"2021-05-20T01:46:00","modified_gmt":"2021-05-20T01:46:00","slug":"maria-nila-palett-masque-luminous-color","status":"publish","type":"product","link":"https:\/\/glamaholic.shop\/new\/product\/maria-nila-palett-masque-luminous-color\/","title":{"rendered":"Maria Nila Palett Masque Luminous Color"},"content":{"rendered":"<p>En skonsam behandling f\u00f6r f\u00e4rgat h\u00e5r som \u00e5terfuktar, ger n\u00e4ring och ett silkesmjukt resultat. Granat\u00e4ppleextrakt och Colour Guard Complex reducerar f\u00e4rgf\u00f6rlusten som uppst\u00e5r vid tv\u00e4tt, v\u00e4rmestyling och skyddar h\u00e5ret mot UV-str\u00e5lning samt fria radikaler.<br \/><strong>Anv\u00e4ndning:<\/strong><br \/>Appliceras i nytv\u00e4ttat h\u00e5r. L\u00e5t verka 3 min. F\u00f6r en mer djupverkande effekt &amp;ndash applicera i handdukstorkat h\u00e5r och l\u00e5t verka 5&amp;ndash10 minuter. Sk\u00f6lj ur och avsluta behandlingen med ett balsam.<br \/>250ml<\/p>\n","protected":false},"excerpt":{"rendered":"<p>Maria Nila Palett Masque Luminous Color<\/p>\n","protected":false},"featured_media":2239,"comment_status":"closed","ping_status":"open","template":"","meta":{"_monsterinsights_skip_tracking":false,"_monsterinsights_sitenote_active":false,"_monsterinsights_sitenote_note":"","_monsterinsights_sitenote_category":0},"hair-type":[91],"manufacturer":[104],"_links":{"self":[{"href":"https:\/\/glamaholic.shop\/new\/wp-json\/wp\/v2\/product\/4469"}],"collection":[{"href":"https:\/\/glamaholic.shop\/new\/wp-json\/wp\/v2\/product"}],"about":[{"href":"https:\/\/glamaholic.shop\/new\/wp-json\/wp\/v2\/types\/product"}],"replies":[{"embeddable":true,"href":"https:\/\/glamaholic.shop\/new\/wp-json\/wp\/v2\/comments?post=4469"}],"wp:featuredmedia":[{"embeddable":true,"href":"https:\/\/glamaholic.shop\/new\/wp-json\/wp\/v2\/media\/2239"}],"wp:attachment":[{"href":"https:\/\/glamaholic.shop\/new\/wp-json\/wp\/v2\/media?parent=4469"}],"wp:term":[{"taxonomy":"hair-type","embeddable":true,"href":"https:\/\/glamaholic.shop\/new\/wp-json\/wp\/v2\/hair-type?post=4469"},{"taxonomy":"manufacturer","embeddable":true,"href":"https:\/\/glamaholic.shop\/new\/wp-json\/wp\/v2\/manufacturer?post=4469"}],"curies":[{"name":"wp","href":"https:\/\/api.w.org\/{rel}","templated":true}]}}