{"id":4465,"date":"2021-05-20T01:45:58","date_gmt":"2021-05-20T01:45:58","guid":{"rendered":"http:\/\/glamaholic.shop\/new\/product\/maria-nila-palett-masque-sheer-silver-250ml\/"},"modified":"2021-05-20T01:46:00","modified_gmt":"2021-05-20T01:46:00","slug":"maria-nila-palett-masque-sheer-silver-250ml","status":"publish","type":"product","link":"https:\/\/glamaholic.shop\/new\/product\/maria-nila-palett-masque-sheer-silver-250ml\/","title":{"rendered":"Maria Nila Palett Masque Sheer Silver 250ml"},"content":{"rendered":"<p>En skonsam behandling f\u00f6r blont h\u00e5r som \u00e5terfuktar, ger n\u00e4ring och ett silkeslent resultat. Bj\u00f6rnb\u00e4rsextrakt ger glans och lyster till h\u00e5ret.<br \/>Colour Guard Complex skyddar h\u00e5ret och minskar f\u00e4rgf\u00f6rlust i samband med tv\u00e4tt, v\u00e4rmestyling, UV-str\u00e5lar och fria radikaler.<br \/>Applicera p\u00e5 nytv\u00e4ttat, fuktigt h\u00e5r. L\u00e5t verka i 3 minuter. F\u00f6r en mer djupverkande effekt, applicera i handdukstorkat h\u00e5r och l\u00e5t verka i 5-10 minuter. Sk\u00f6lj noga och avsluta behandlingen med ett balsam.<br \/>250ml<\/p>\n","protected":false},"excerpt":{"rendered":"<p>Maria Nila Palett Masque Sheer Silver 250ml<\/p>\n","protected":false},"featured_media":2231,"comment_status":"closed","ping_status":"open","template":"","meta":{"_monsterinsights_skip_tracking":false,"_monsterinsights_sitenote_active":false,"_monsterinsights_sitenote_note":"","_monsterinsights_sitenote_category":0},"hair-type":[83],"manufacturer":[104],"_links":{"self":[{"href":"https:\/\/glamaholic.shop\/new\/wp-json\/wp\/v2\/product\/4465"}],"collection":[{"href":"https:\/\/glamaholic.shop\/new\/wp-json\/wp\/v2\/product"}],"about":[{"href":"https:\/\/glamaholic.shop\/new\/wp-json\/wp\/v2\/types\/product"}],"replies":[{"embeddable":true,"href":"https:\/\/glamaholic.shop\/new\/wp-json\/wp\/v2\/comments?post=4465"}],"wp:featuredmedia":[{"embeddable":true,"href":"https:\/\/glamaholic.shop\/new\/wp-json\/wp\/v2\/media\/2231"}],"wp:attachment":[{"href":"https:\/\/glamaholic.shop\/new\/wp-json\/wp\/v2\/media?parent=4465"}],"wp:term":[{"taxonomy":"hair-type","embeddable":true,"href":"https:\/\/glamaholic.shop\/new\/wp-json\/wp\/v2\/hair-type?post=4465"},{"taxonomy":"manufacturer","embeddable":true,"href":"https:\/\/glamaholic.shop\/new\/wp-json\/wp\/v2\/manufacturer?post=4465"}],"curies":[{"name":"wp","href":"https:\/\/api.w.org\/{rel}","templated":true}]}}