{"id":4410,"date":"2021-05-20T01:45:47","date_gmt":"2021-05-20T01:45:47","guid":{"rendered":"http:\/\/glamaholic.shop\/new\/product\/tigi-bed-head-for-men-multi-tasking-grooming-cream\/"},"modified":"2021-05-20T01:45:50","modified_gmt":"2021-05-20T01:45:50","slug":"tigi-bed-head-for-men-multi-tasking-grooming-cream","status":"publish","type":"product","link":"https:\/\/glamaholic.shop\/new\/product\/tigi-bed-head-for-men-multi-tasking-grooming-cream\/","title":{"rendered":"Tigi Bed Head for Men Multi-Tasking Grooming Cream"},"content":{"rendered":"<p>Till killar som vill ha en frisyr som \u00e4r enkel att fixa.En l\u00e4ttvikts kr\u00e4m som ger naturlig definition och kontrollEn s\u00e4rskild blandning av polymers som t\u00e4mjer ostyrigt h\u00e5r.Applicera i handdukstorkat h\u00e5r och l\u00e5t torka &amp;nbspnaturligt eller f\u00f6na f\u00f6r en mer skr\u00e4ddarsydd finish.<br \/>150ml&nbsp;<\/p>\n","protected":false},"excerpt":{"rendered":"<p>Tigi Bed Head for Men Multi-Tasking Grooming Cream<\/p>\n","protected":false},"featured_media":2121,"comment_status":"closed","ping_status":"open","template":"","meta":{"_monsterinsights_skip_tracking":false,"_monsterinsights_sitenote_active":false,"_monsterinsights_sitenote_note":"","_monsterinsights_sitenote_category":0},"hair-type":[],"manufacturer":[114],"_links":{"self":[{"href":"https:\/\/glamaholic.shop\/new\/wp-json\/wp\/v2\/product\/4410"}],"collection":[{"href":"https:\/\/glamaholic.shop\/new\/wp-json\/wp\/v2\/product"}],"about":[{"href":"https:\/\/glamaholic.shop\/new\/wp-json\/wp\/v2\/types\/product"}],"replies":[{"embeddable":true,"href":"https:\/\/glamaholic.shop\/new\/wp-json\/wp\/v2\/comments?post=4410"}],"wp:featuredmedia":[{"embeddable":true,"href":"https:\/\/glamaholic.shop\/new\/wp-json\/wp\/v2\/media\/2121"}],"wp:attachment":[{"href":"https:\/\/glamaholic.shop\/new\/wp-json\/wp\/v2\/media?parent=4410"}],"wp:term":[{"taxonomy":"hair-type","embeddable":true,"href":"https:\/\/glamaholic.shop\/new\/wp-json\/wp\/v2\/hair-type?post=4410"},{"taxonomy":"manufacturer","embeddable":true,"href":"https:\/\/glamaholic.shop\/new\/wp-json\/wp\/v2\/manufacturer?post=4410"}],"curies":[{"name":"wp","href":"https:\/\/api.w.org\/{rel}","templated":true}]}}