{"id":4394,"date":"2021-05-20T01:45:47","date_gmt":"2021-05-20T01:45:47","guid":{"rendered":"http:\/\/glamaholic.shop\/new\/product\/ref-spray-wax-434\/"},"modified":"2021-05-20T01:45:48","modified_gmt":"2021-05-20T01:45:48","slug":"ref-spray-wax-434","status":"publish","type":"product","link":"https:\/\/glamaholic.shop\/new\/product\/ref-spray-wax-434\/","title":{"rendered":"REF. Spray Wax. 434"},"content":{"rendered":"<p>Spray Wax 434<br \/> Ett bekv\u00e4mt och l\u00e4tt s\u00e4tt att styla. Vax i spray form som bygger struktur och volym, <br \/> A new and comfortable way to style you hair. An easy to use spray wax that builds structure and volume.<\/p>\n<p>250ml<\/p>\n","protected":false},"excerpt":{"rendered":"<p>REF. Spray Wax. 434<\/p>\n","protected":false},"featured_media":2089,"comment_status":"closed","ping_status":"open","template":"","meta":{"_monsterinsights_skip_tracking":false,"_monsterinsights_sitenote_active":false,"_monsterinsights_sitenote_note":"","_monsterinsights_sitenote_category":0},"hair-type":[79],"manufacturer":[110],"_links":{"self":[{"href":"https:\/\/glamaholic.shop\/new\/wp-json\/wp\/v2\/product\/4394"}],"collection":[{"href":"https:\/\/glamaholic.shop\/new\/wp-json\/wp\/v2\/product"}],"about":[{"href":"https:\/\/glamaholic.shop\/new\/wp-json\/wp\/v2\/types\/product"}],"replies":[{"embeddable":true,"href":"https:\/\/glamaholic.shop\/new\/wp-json\/wp\/v2\/comments?post=4394"}],"wp:featuredmedia":[{"embeddable":true,"href":"https:\/\/glamaholic.shop\/new\/wp-json\/wp\/v2\/media\/2089"}],"wp:attachment":[{"href":"https:\/\/glamaholic.shop\/new\/wp-json\/wp\/v2\/media?parent=4394"}],"wp:term":[{"taxonomy":"hair-type","embeddable":true,"href":"https:\/\/glamaholic.shop\/new\/wp-json\/wp\/v2\/hair-type?post=4394"},{"taxonomy":"manufacturer","embeddable":true,"href":"https:\/\/glamaholic.shop\/new\/wp-json\/wp\/v2\/manufacturer?post=4394"}],"curies":[{"name":"wp","href":"https:\/\/api.w.org\/{rel}","templated":true}]}}