{"id":4382,"date":"2021-05-20T01:45:44","date_gmt":"2021-05-20T01:45:44","guid":{"rendered":"http:\/\/glamaholic.shop\/new\/product\/matrix-design-pulse-rock-solid\/"},"modified":"2021-05-20T01:45:45","modified_gmt":"2021-05-20T01:45:45","slug":"matrix-design-pulse-rock-solid","status":"publish","type":"product","link":"https:\/\/glamaholic.shop\/new\/product\/matrix-design-pulse-rock-solid\/","title":{"rendered":"Matrix Design Pulse Rock Solid"},"content":{"rendered":"<p>  matrix design pulse rock solid. Gel\u00e9 med maximal  stadga som g\u00f6r att frisyren h\u00e5ller hela dagen. <br \/><strong>Maximal stadga<\/strong> <br \/>Maximal kontroll f\u00f6r frisyrer som h\u00e5ller L\u00e5ng h\u00e5llbarhet  utan att flagna L\u00e4tt att f\u00f6rdela i fuktigt h\u00e5r Torkar  snabbt <br \/><strong>Anv\u00e4ndning: <\/strong><br \/>Arbeta in i fuktigt eller torrt h\u00e5r och styla. <br \/><strong>Doft:<\/strong> <br \/>Tropisk kokosn\u00f6t <br \/>200ml<\/p>\n","protected":false},"excerpt":{"rendered":"<p>Matrix Design Pulse Rock Solid<\/p>\n","protected":false},"featured_media":2065,"comment_status":"closed","ping_status":"open","template":"","meta":{"_monsterinsights_skip_tracking":false,"_monsterinsights_sitenote_active":false,"_monsterinsights_sitenote_note":"","_monsterinsights_sitenote_category":0},"hair-type":[],"manufacturer":[105],"_links":{"self":[{"href":"https:\/\/glamaholic.shop\/new\/wp-json\/wp\/v2\/product\/4382"}],"collection":[{"href":"https:\/\/glamaholic.shop\/new\/wp-json\/wp\/v2\/product"}],"about":[{"href":"https:\/\/glamaholic.shop\/new\/wp-json\/wp\/v2\/types\/product"}],"replies":[{"embeddable":true,"href":"https:\/\/glamaholic.shop\/new\/wp-json\/wp\/v2\/comments?post=4382"}],"wp:featuredmedia":[{"embeddable":true,"href":"https:\/\/glamaholic.shop\/new\/wp-json\/wp\/v2\/media\/2065"}],"wp:attachment":[{"href":"https:\/\/glamaholic.shop\/new\/wp-json\/wp\/v2\/media?parent=4382"}],"wp:term":[{"taxonomy":"hair-type","embeddable":true,"href":"https:\/\/glamaholic.shop\/new\/wp-json\/wp\/v2\/hair-type?post=4382"},{"taxonomy":"manufacturer","embeddable":true,"href":"https:\/\/glamaholic.shop\/new\/wp-json\/wp\/v2\/manufacturer?post=4382"}],"curies":[{"name":"wp","href":"https:\/\/api.w.org\/{rel}","templated":true}]}}