{"id":4343,"date":"2021-05-20T01:43:23","date_gmt":"2021-05-20T01:43:23","guid":{"rendered":"http:\/\/glamaholic.shop\/new\/product\/grazette-xl-stone-wax-100ml\/"},"modified":"2021-05-20T01:43:23","modified_gmt":"2021-05-20T01:43:23","slug":"grazette-xl-stone-wax-100ml","status":"publish","type":"product","link":"https:\/\/glamaholic.shop\/new\/product\/grazette-xl-stone-wax-100ml\/","title":{"rendered":"Grazette XL Stone Wax 100ml"},"content":{"rendered":"<ul>\n<li>Finishprodukt med h\u00f6g h\u00e5llfasthet.&nbsp;<\/li>\n<li>Gnugga en liten m\u00e4ngd mellan handflatorna och applicera i&nbsp;torrt eller fuktigt h\u00e5r.&nbsp;<\/li>\n<li>Ger frisyren stadga och volym.<\/li>\n<li>Glans 1\/5<\/li>\n<li>Styrka 5\/5&nbsp;<\/li>\n<\/ul>\n<p>Gr\u00f6na \u00e4pplen &#8211; Fuktgivande naturligt extrakt av \u00e4pple.<br \/>Solrosextrakt &#8211; Rik p\u00e5 antioxidanter som skyddar h\u00e5ret mot UV-str\u00e5lning och yttre p\u00e5frestningar.<br \/><strong>Ingredienser<\/strong><br \/>Aqua (water), ceteareth-27, lanolin wax, petrolatum, vp\/va copolymer, cetearyl alcohol, lanolin, propylene glycol, pvp, glycerin, peg-6 stearate, steareth-20, ceteth-20, parfum (fragrance), hexyl cinnamal, linalool, alcohol denat., pyrus malus (apple) fruit extract, helianthus annuus (sunflower) seed extract, diazolidinyl urea, iodopropynyl butylcarbamate, butylene glycol, hydroxyisohexyl 3-cyclohexene carboxaldehyde, linalool, butylphenyl methylpropional.<br \/>100ml<\/p>\n","protected":false},"excerpt":{"rendered":"<p>Grazette XL Stone Wax 100ml<\/p>\n","protected":false},"featured_media":1985,"comment_status":"closed","ping_status":"open","template":"","meta":{"_monsterinsights_skip_tracking":false,"_monsterinsights_sitenote_active":false,"_monsterinsights_sitenote_note":"","_monsterinsights_sitenote_category":0},"hair-type":[],"manufacturer":[94],"_links":{"self":[{"href":"https:\/\/glamaholic.shop\/new\/wp-json\/wp\/v2\/product\/4343"}],"collection":[{"href":"https:\/\/glamaholic.shop\/new\/wp-json\/wp\/v2\/product"}],"about":[{"href":"https:\/\/glamaholic.shop\/new\/wp-json\/wp\/v2\/types\/product"}],"replies":[{"embeddable":true,"href":"https:\/\/glamaholic.shop\/new\/wp-json\/wp\/v2\/comments?post=4343"}],"wp:featuredmedia":[{"embeddable":true,"href":"https:\/\/glamaholic.shop\/new\/wp-json\/wp\/v2\/media\/1985"}],"wp:attachment":[{"href":"https:\/\/glamaholic.shop\/new\/wp-json\/wp\/v2\/media?parent=4343"}],"wp:term":[{"taxonomy":"hair-type","embeddable":true,"href":"https:\/\/glamaholic.shop\/new\/wp-json\/wp\/v2\/hair-type?post=4343"},{"taxonomy":"manufacturer","embeddable":true,"href":"https:\/\/glamaholic.shop\/new\/wp-json\/wp\/v2\/manufacturer?post=4343"}],"curies":[{"name":"wp","href":"https:\/\/api.w.org\/{rel}","templated":true}]}}