{"id":4315,"date":"2021-05-20T01:43:16","date_gmt":"2021-05-20T01:43:16","guid":{"rendered":"http:\/\/glamaholic.shop\/new\/product\/e46-shaper-wax\/"},"modified":"2021-05-20T01:43:18","modified_gmt":"2021-05-20T01:43:18","slug":"e46-shaper-wax","status":"publish","type":"product","link":"https:\/\/glamaholic.shop\/new\/product\/e46-shaper-wax\/","title":{"rendered":"E+46 Shaper Wax"},"content":{"rendered":"<p> Ett fibervax f\u00f6r att forma rufsiga frisyrer. Ger h\u00e5ret<br \/> stadga, volym och glans.<\/p>\n<p> <strong>G\u00f6r s\u00e5 h\u00e4r:<\/strong><br \/> Applicera vaxet i handdukstorkat eller torrt h\u00e5r.<br \/> Forma och styla h\u00e5ret i din egen stil.<\/p>\n<p> Shine: 6\/10<br \/> Hold: 7\/10<br \/> Volume: 7\/10<\/p>\n<p> 100ml<\/p>\n","protected":false},"excerpt":{"rendered":"<p>E+46 Shaper Wax<\/p>\n","protected":false},"featured_media":1929,"comment_status":"closed","ping_status":"open","template":"","meta":{"_monsterinsights_skip_tracking":false,"_monsterinsights_sitenote_active":false,"_monsterinsights_sitenote_note":"","_monsterinsights_sitenote_category":0},"hair-type":[],"manufacturer":[127],"_links":{"self":[{"href":"https:\/\/glamaholic.shop\/new\/wp-json\/wp\/v2\/product\/4315"}],"collection":[{"href":"https:\/\/glamaholic.shop\/new\/wp-json\/wp\/v2\/product"}],"about":[{"href":"https:\/\/glamaholic.shop\/new\/wp-json\/wp\/v2\/types\/product"}],"replies":[{"embeddable":true,"href":"https:\/\/glamaholic.shop\/new\/wp-json\/wp\/v2\/comments?post=4315"}],"wp:featuredmedia":[{"embeddable":true,"href":"https:\/\/glamaholic.shop\/new\/wp-json\/wp\/v2\/media\/1929"}],"wp:attachment":[{"href":"https:\/\/glamaholic.shop\/new\/wp-json\/wp\/v2\/media?parent=4315"}],"wp:term":[{"taxonomy":"hair-type","embeddable":true,"href":"https:\/\/glamaholic.shop\/new\/wp-json\/wp\/v2\/hair-type?post=4315"},{"taxonomy":"manufacturer","embeddable":true,"href":"https:\/\/glamaholic.shop\/new\/wp-json\/wp\/v2\/manufacturer?post=4315"}],"curies":[{"name":"wp","href":"https:\/\/api.w.org\/{rel}","templated":true}]}}