{"id":4311,"date":"2021-05-20T01:43:16","date_gmt":"2021-05-20T01:43:16","guid":{"rendered":"http:\/\/glamaholic.shop\/new\/product\/dfi-dsculpt-sculpting-cream-150g\/"},"modified":"2021-05-20T01:43:18","modified_gmt":"2021-05-20T01:43:18","slug":"dfi-dsculpt-sculpting-cream-150g","status":"publish","type":"product","link":"https:\/\/glamaholic.shop\/new\/product\/dfi-dsculpt-sculpting-cream-150g\/","title":{"rendered":"D:fi d:sculpt Sculpting Cream 150g"},"content":{"rendered":"<p><span>Vax med h\u00f6g stadga och matt finish. Ger l\u00e4tt volym och g\u00f6r det enkelt att vara kreativ med frisyren.<\/span><br \/><span>Arbeta in produkten h\u00e5rt i h\u00e4nderna innan du applicerar produkten j\u00e4mnt f\u00f6rdelat i fuktigt eller torrt h\u00e5r.<\/span><\/p>\n<p>150g<\/p>\n","protected":false},"excerpt":{"rendered":"<p>D:fi d:sculpt Sculpting Cream 150g<\/p>\n","protected":false},"featured_media":1921,"comment_status":"closed","ping_status":"open","template":"","meta":{"_monsterinsights_skip_tracking":false,"_monsterinsights_sitenote_active":false,"_monsterinsights_sitenote_note":"","_monsterinsights_sitenote_category":0},"hair-type":[],"manufacturer":[87],"_links":{"self":[{"href":"https:\/\/glamaholic.shop\/new\/wp-json\/wp\/v2\/product\/4311"}],"collection":[{"href":"https:\/\/glamaholic.shop\/new\/wp-json\/wp\/v2\/product"}],"about":[{"href":"https:\/\/glamaholic.shop\/new\/wp-json\/wp\/v2\/types\/product"}],"replies":[{"embeddable":true,"href":"https:\/\/glamaholic.shop\/new\/wp-json\/wp\/v2\/comments?post=4311"}],"wp:featuredmedia":[{"embeddable":true,"href":"https:\/\/glamaholic.shop\/new\/wp-json\/wp\/v2\/media\/1921"}],"wp:attachment":[{"href":"https:\/\/glamaholic.shop\/new\/wp-json\/wp\/v2\/media?parent=4311"}],"wp:term":[{"taxonomy":"hair-type","embeddable":true,"href":"https:\/\/glamaholic.shop\/new\/wp-json\/wp\/v2\/hair-type?post=4311"},{"taxonomy":"manufacturer","embeddable":true,"href":"https:\/\/glamaholic.shop\/new\/wp-json\/wp\/v2\/manufacturer?post=4311"}],"curies":[{"name":"wp","href":"https:\/\/api.w.org\/{rel}","templated":true}]}}