{"id":4278,"date":"2021-05-20T01:43:09","date_gmt":"2021-05-20T01:43:09","guid":{"rendered":"http:\/\/glamaholic.shop\/new\/product\/schwarzkopf-osis-body-me\/"},"modified":"2021-05-20T01:43:11","modified_gmt":"2021-05-20T01:43:11","slug":"schwarzkopf-osis-body-me","status":"publish","type":"product","link":"https:\/\/glamaholic.shop\/new\/product\/schwarzkopf-osis-body-me\/","title":{"rendered":"Schwarzkopf Osis Body Me"},"content":{"rendered":"<p>Fullifying volume serum<br \/>Ger h\u00e5ret volym utan att det k\u00e4nns kladdigt<\/p>\n<ul>\n<li>Ger h\u00e5ret en betydligt fylligare k\u00e4nsla<\/li>\n<li>Ger upp till 100% mer volym<\/li>\n<li>Lent och mjukt h\u00e5r med extra volym<\/li>\n<li>V\u00e4rmeskydd<\/li>\n<\/ul>\n<p><strong>Ingredienser:<\/strong><br \/>Chitosan, skapat av sn\u00e4ckskal, tillf\u00f6r h\u00e5ret volym och en silkeslen glans.<br \/><strong>Anv\u00e4ndning:<\/strong><\/p>\n<ul>\n<li>Tag en liten m\u00e4ngd i handfl atan, applicera sedan i fuktigt h\u00e5r<\/li>\n<li>Anv\u00e4nd en keramisk rundborste vid f\u00f6ning<\/li>\n<\/ul>\n<p><strong>Kontrollniv\u00e5:<\/strong> 2<br \/>150ml<\/p>\n","protected":false},"excerpt":{"rendered":"<p>Schwarzkopf Osis Body Me<\/p>\n","protected":false},"featured_media":1855,"comment_status":"closed","ping_status":"open","template":"","meta":{"_monsterinsights_skip_tracking":false,"_monsterinsights_sitenote_active":false,"_monsterinsights_sitenote_note":"","_monsterinsights_sitenote_category":0},"hair-type":[79],"manufacturer":[112],"_links":{"self":[{"href":"https:\/\/glamaholic.shop\/new\/wp-json\/wp\/v2\/product\/4278"}],"collection":[{"href":"https:\/\/glamaholic.shop\/new\/wp-json\/wp\/v2\/product"}],"about":[{"href":"https:\/\/glamaholic.shop\/new\/wp-json\/wp\/v2\/types\/product"}],"replies":[{"embeddable":true,"href":"https:\/\/glamaholic.shop\/new\/wp-json\/wp\/v2\/comments?post=4278"}],"wp:featuredmedia":[{"embeddable":true,"href":"https:\/\/glamaholic.shop\/new\/wp-json\/wp\/v2\/media\/1855"}],"wp:attachment":[{"href":"https:\/\/glamaholic.shop\/new\/wp-json\/wp\/v2\/media?parent=4278"}],"wp:term":[{"taxonomy":"hair-type","embeddable":true,"href":"https:\/\/glamaholic.shop\/new\/wp-json\/wp\/v2\/hair-type?post=4278"},{"taxonomy":"manufacturer","embeddable":true,"href":"https:\/\/glamaholic.shop\/new\/wp-json\/wp\/v2\/manufacturer?post=4278"}],"curies":[{"name":"wp","href":"https:\/\/api.w.org\/{rel}","templated":true}]}}