{"id":4270,"date":"2021-05-20T01:43:09","date_gmt":"2021-05-20T01:43:09","guid":{"rendered":"http:\/\/glamaholic.shop\/new\/product\/revlon-style-masters-amplifier-fiber-mousse\/"},"modified":"2021-05-20T01:43:10","modified_gmt":"2021-05-20T01:43:10","slug":"revlon-style-masters-amplifier-fiber-mousse","status":"publish","type":"product","link":"https:\/\/glamaholic.shop\/new\/product\/revlon-style-masters-amplifier-fiber-mousse\/","title":{"rendered":"Revlon Style Masters Amplifier Fiber Mousse"},"content":{"rendered":"<p>Mousse med fasta fibrer: Skaka beh\u00e5llaren och  f\u00f6rdela produkten j\u00e4mnt i fuktigt h\u00e5r f\u00f6r att tillf\u00f6ra  volym.<br \/><strong>Produktinfo:<\/strong><br \/>Ger fyllighet<br \/>Skapar volym<br \/>Tillf\u00f6r textur i h\u00e5ret <br \/>Klibbar inte <br \/>Tynger inte ner<br \/>L\u00e5ngvarig stadga<br \/><strong>Anv\u00e4ndning:<\/strong><br \/>Skaka beh\u00e5llaren och tryck ut en m\u00e4ngd stor som  en valn\u00f6t i handen. Aktivera fibrerna med h\u00e4nderna  och f\u00f6rdela j\u00e4mnt i fuktigt h\u00e5r f\u00f6r att ge fyllighet och  volym. Frisyren f\u00f6rblir kontrollerad och h\u00e5ller sig p\u00e5  plats i flera timmar. <br \/><strong>Hold Factor:<\/strong> 1<br \/><strong>Look:<\/strong> Natural<br \/>300ml<\/p>\n","protected":false},"excerpt":{"rendered":"<p>Revlon Style Masters Amplifier Fiber Mousse<\/p>\n","protected":false},"featured_media":1839,"comment_status":"closed","ping_status":"open","template":"","meta":{"_monsterinsights_skip_tracking":false,"_monsterinsights_sitenote_active":false,"_monsterinsights_sitenote_note":"","_monsterinsights_sitenote_category":0},"hair-type":[],"manufacturer":[111],"_links":{"self":[{"href":"https:\/\/glamaholic.shop\/new\/wp-json\/wp\/v2\/product\/4270"}],"collection":[{"href":"https:\/\/glamaholic.shop\/new\/wp-json\/wp\/v2\/product"}],"about":[{"href":"https:\/\/glamaholic.shop\/new\/wp-json\/wp\/v2\/types\/product"}],"replies":[{"embeddable":true,"href":"https:\/\/glamaholic.shop\/new\/wp-json\/wp\/v2\/comments?post=4270"}],"wp:featuredmedia":[{"embeddable":true,"href":"https:\/\/glamaholic.shop\/new\/wp-json\/wp\/v2\/media\/1839"}],"wp:attachment":[{"href":"https:\/\/glamaholic.shop\/new\/wp-json\/wp\/v2\/media?parent=4270"}],"wp:term":[{"taxonomy":"hair-type","embeddable":true,"href":"https:\/\/glamaholic.shop\/new\/wp-json\/wp\/v2\/hair-type?post=4270"},{"taxonomy":"manufacturer","embeddable":true,"href":"https:\/\/glamaholic.shop\/new\/wp-json\/wp\/v2\/manufacturer?post=4270"}],"curies":[{"name":"wp","href":"https:\/\/api.w.org\/{rel}","templated":true}]}}