{"id":4234,"date":"2021-05-20T01:43:03","date_gmt":"2021-05-20T01:43:03","guid":{"rendered":"http:\/\/glamaholic.shop\/new\/product\/lanza-healing-style-beach-spray\/"},"modified":"2021-05-20T01:43:04","modified_gmt":"2021-05-20T01:43:04","slug":"lanza-healing-style-beach-spray","status":"publish","type":"product","link":"https:\/\/glamaholic.shop\/new\/product\/lanza-healing-style-beach-spray\/","title":{"rendered":"Lanza Healing Style Beach Spray"},"content":{"rendered":"<p>Saltvattenk\u00e4nsla<br \/>Ej uttorkande<br \/>Ger st\u00f6d &amp; volym<br \/>Control: 5 av 10<br \/>V\u00e4rmeskydd: 240\u00b0C<br \/><strong>Vad \u00e4r det?<\/strong><br \/>En saltvattenspray med djuphavsvatten fr\u00e5n Stilla havet som inneh\u00e5ller den perfekta m\u00e4ngden naturligt havssalt <br \/>(inte natriumklorid) som ger konsekventa resultat utan att torka ut h\u00e5ret eller p\u00e5verka h\u00e5rf\u00e4rgen.<br \/>Skapar sensuella, rufsiga, vindbl\u00e5sta frisyrer med naturlig v\u00e5gighet och volym. F\u00f6rst\u00e4rkande havsmineraler med zink, magnesium och kalium st\u00f6der och ger h\u00e5ret en look fr\u00e5n stranden.<br \/>Inneh\u00e5ller n\u00e4ringsrika havsv\u00e4xter.<br \/><strong>Hur anv\u00e4nds den?<\/strong><br \/>Spraya i fuktigt eller torrt h\u00e5r. Krama med h\u00e4nderna. F\u00f6na eller lufttorka.<br \/><strong>Kreativa Cocktails<\/strong><br \/>F\u00f6r att skapa l\u00f6st, v\u00e5gigt h\u00e5r, applicera Design Foam eller Spray Gel i fuktigt h\u00e5r och f\u00f6na torrt. Anv\u00e4nd sedan en stor lockt\u00e5ng f\u00f6r att skapa l\u00f6sa lockar. Avsluta genom att spraya med Beach Spray och krama med fingrarna.<br \/>Skapa en rufsig struktur genom att spraya torrt h\u00e5r med Beach Spray. V\u00e4nd huvudet upp och ner och f\u00f6na snabbt p\u00e5 full effekt. Kasta tillbaka h\u00e5ret och krama med fingrarna till \u00f6nskad frisyr.<br \/><strong>Huvudingredienser:<\/strong><br \/>KERATIN HEALING SYSTEM&amp;trade<br \/>Color-preservers, f\u00e4rgbevarare:<br \/>L\u00e5ser in h\u00e5rf\u00e4rgen &amp; f\u00f6rebygger blekning. F\u00e4rgens djup och lyster h\u00e5ller l\u00e4ngre.<br \/>Fullt UV-skydd:<br \/>Den f\u00f6rsta styling-formulan som skyddar mot alla tre UV-str\u00e5larna, inklusive de mest skadeg\u00f6rande: UVC.<br \/>Thermal guard, v\u00e4rmeskydd:<br \/>Skyddar mot v\u00e4rmeskador orsakade av varma stylingverktyg. Inneh\u00e5ller v\u00e4rmeskyddande adaptogener fr\u00e5n Kaktusplanta.<br \/>Botaniska \u00e4mnen fr\u00e5n regnskogen:<br \/>Ger naturlig glans &amp; stylingsupport utan att bygga upp eller tynga ner h\u00e5ret. Har f\u00f6rnyande och reparerande egenskaper.<br \/>R\u00f6tt sj\u00f6gr\u00e4s:<br \/>F\u00f6rb\u00e4ttrar formbarheten med vitamin A, B1, B2, C, E och K<br \/>Gr\u00f6nt sj\u00f6gr\u00e4s:<br \/>F\u00f6rb\u00e4ttrar h\u00e5rets integritet med aminosyror: lysin, tryptofan, glycin, tyrosin och cystin.<br \/>Brunt sj\u00f6gr\u00e4s:<br \/>Tillf\u00f6r marina sockerarter som ger en raffinerad h\u00e5llbarhet och en &amp;rdquostrandk\u00e4nsla&amp;rdquo.<br \/>100ml<\/p>\n<p>PRODUCT NAME: &nbsp;Healing Style Beach Spray<br \/>INCI<br \/>Water\/EAU (Aqua)Methacryloyl Ethyl Betaine\/ Acrylates CopolymerEthoxylated Coconut Glyerol EstersPanthenolHexylene Glycol, PEG-25 Hydrogenated Castor Oil, PEG-40 Hydrogenated Castor OilMagnesium SulfateFragrance (Parfum)Methylchloroisothiazolinone, MethylisothiazolinoneBHTSorbitolDimethiconol MeadowfoamateKeratin Amino AcidsSea Water, Hydrolyzed Red Algae Extract, GlycerinHydrolyzed Algin, Chlorella Vulgaris (Sea Kelp)Cereus Graidflorus (Cactus) Flower ExtractBertholletia Excelsa (Brazillian Nut) Seed OilSodium PCA, Magnesium PCA, Zinc PCA, Manganese PCATris(Tetramethylhydroxypiperidinol) CitrateSodium Benzotriazolyl Butyphenol Sulfonate, Buteth-3, Tributyl CitrateCitronellol, Hydroxyisohexyl 3-Cyclohexene Carboxaldehyde, Limonene, Linalool, Butylphenyl MethylpropionalTris (Tetramethylhydroxpiperidinol) CitrateBenzyl Benzoate, d-LimoneneBenzophenone-4Quaternium 15PropylparabenMethylparabenLactic AcidCitric AcidFragrance (Parfum)Sodium ChlorideBenzyl Alcohol, BenzylbenzoateCitral, Coumarin, Limonene, Linalool<\/p>\n","protected":false},"excerpt":{"rendered":"<p>Lanza Healing Style Beach Spray<\/p>\n","protected":false},"featured_media":1767,"comment_status":"closed","ping_status":"open","template":"","meta":{"_monsterinsights_skip_tracking":false,"_monsterinsights_sitenote_active":false,"_monsterinsights_sitenote_note":"","_monsterinsights_sitenote_category":0},"hair-type":[],"manufacturer":[100],"_links":{"self":[{"href":"https:\/\/glamaholic.shop\/new\/wp-json\/wp\/v2\/product\/4234"}],"collection":[{"href":"https:\/\/glamaholic.shop\/new\/wp-json\/wp\/v2\/product"}],"about":[{"href":"https:\/\/glamaholic.shop\/new\/wp-json\/wp\/v2\/types\/product"}],"replies":[{"embeddable":true,"href":"https:\/\/glamaholic.shop\/new\/wp-json\/wp\/v2\/comments?post=4234"}],"wp:featuredmedia":[{"embeddable":true,"href":"https:\/\/glamaholic.shop\/new\/wp-json\/wp\/v2\/media\/1767"}],"wp:attachment":[{"href":"https:\/\/glamaholic.shop\/new\/wp-json\/wp\/v2\/media?parent=4234"}],"wp:term":[{"taxonomy":"hair-type","embeddable":true,"href":"https:\/\/glamaholic.shop\/new\/wp-json\/wp\/v2\/hair-type?post=4234"},{"taxonomy":"manufacturer","embeddable":true,"href":"https:\/\/glamaholic.shop\/new\/wp-json\/wp\/v2\/manufacturer?post=4234"}],"curies":[{"name":"wp","href":"https:\/\/api.w.org\/{rel}","templated":true}]}}