{"id":4123,"date":"2021-05-20T01:42:38","date_gmt":"2021-05-20T01:42:38","guid":{"rendered":"http:\/\/glamaholic.shop\/new\/product\/schwarzkopf-bonacure-color-freeze-gloss-serum-100ml\/"},"modified":"2021-05-20T01:42:39","modified_gmt":"2021-05-20T01:42:39","slug":"schwarzkopf-bonacure-color-freeze-gloss-serum-100ml","status":"publish","type":"product","link":"https:\/\/glamaholic.shop\/new\/product\/schwarzkopf-bonacure-color-freeze-gloss-serum-100ml\/","title":{"rendered":"Schwarzkopf Bonacure Color Freeze Gloss Serum 100ml"},"content":{"rendered":"<p>Viktl\u00f6st glansserum f\u00f6r f\u00e4rgat h\u00e5r. F\u00f6rebygger avbrutna h\u00e5rstr\u00e5n och kluvna h\u00e5rtoppar. D\u00e4mpar frissighet och g\u00f6r h\u00e5ret f\u00f6ljsamt.&nbsp;<br \/>100ml<\/p>\n","protected":false},"excerpt":{"rendered":"<p>Schwarzkopf Bonacure Color Freeze Gloss Serum 100ml<\/p>\n","protected":false},"featured_media":1547,"comment_status":"closed","ping_status":"open","template":"","meta":{"_monsterinsights_skip_tracking":false,"_monsterinsights_sitenote_active":false,"_monsterinsights_sitenote_note":"","_monsterinsights_sitenote_category":0},"hair-type":[91],"manufacturer":[112],"_links":{"self":[{"href":"https:\/\/glamaholic.shop\/new\/wp-json\/wp\/v2\/product\/4123"}],"collection":[{"href":"https:\/\/glamaholic.shop\/new\/wp-json\/wp\/v2\/product"}],"about":[{"href":"https:\/\/glamaholic.shop\/new\/wp-json\/wp\/v2\/types\/product"}],"replies":[{"embeddable":true,"href":"https:\/\/glamaholic.shop\/new\/wp-json\/wp\/v2\/comments?post=4123"}],"wp:featuredmedia":[{"embeddable":true,"href":"https:\/\/glamaholic.shop\/new\/wp-json\/wp\/v2\/media\/1547"}],"wp:attachment":[{"href":"https:\/\/glamaholic.shop\/new\/wp-json\/wp\/v2\/media?parent=4123"}],"wp:term":[{"taxonomy":"hair-type","embeddable":true,"href":"https:\/\/glamaholic.shop\/new\/wp-json\/wp\/v2\/hair-type?post=4123"},{"taxonomy":"manufacturer","embeddable":true,"href":"https:\/\/glamaholic.shop\/new\/wp-json\/wp\/v2\/manufacturer?post=4123"}],"curies":[{"name":"wp","href":"https:\/\/api.w.org\/{rel}","templated":true}]}}