{"id":4110,"date":"2021-05-20T01:42:35","date_gmt":"2021-05-20T01:42:35","guid":{"rendered":"http:\/\/glamaholic.shop\/new\/product\/ref-stay-smooth\/"},"modified":"2021-05-20T01:42:36","modified_gmt":"2021-05-20T01:42:36","slug":"ref-stay-smooth","status":"publish","type":"product","link":"https:\/\/glamaholic.shop\/new\/product\/ref-stay-smooth\/","title":{"rendered":"REF. Stay Smooth"},"content":{"rendered":"<p> En mjuk och l\u00e4tt h\u00e5rkr\u00e4m som ger dig full <br \/> kontroll. Optimal f\u00f6r att skapa en naturlig <br \/> look som h\u00e5ller l\u00e4nge. G\u00f6r h\u00e5ret silkesmjukt <br \/> och glansigt samt tar bort frissigt h\u00e5r.<br \/> Passar utm\u00e4rkt till lockigt h\u00e5r!<\/p>\n<p> 100ml<\/p>\n","protected":false},"excerpt":{"rendered":"<p>REF. Stay Smooth<\/p>\n","protected":false},"featured_media":1521,"comment_status":"closed","ping_status":"open","template":"","meta":{"_monsterinsights_skip_tracking":false,"_monsterinsights_sitenote_active":false,"_monsterinsights_sitenote_note":"","_monsterinsights_sitenote_category":0},"hair-type":[],"manufacturer":[110],"_links":{"self":[{"href":"https:\/\/glamaholic.shop\/new\/wp-json\/wp\/v2\/product\/4110"}],"collection":[{"href":"https:\/\/glamaholic.shop\/new\/wp-json\/wp\/v2\/product"}],"about":[{"href":"https:\/\/glamaholic.shop\/new\/wp-json\/wp\/v2\/types\/product"}],"replies":[{"embeddable":true,"href":"https:\/\/glamaholic.shop\/new\/wp-json\/wp\/v2\/comments?post=4110"}],"wp:featuredmedia":[{"embeddable":true,"href":"https:\/\/glamaholic.shop\/new\/wp-json\/wp\/v2\/media\/1521"}],"wp:attachment":[{"href":"https:\/\/glamaholic.shop\/new\/wp-json\/wp\/v2\/media?parent=4110"}],"wp:term":[{"taxonomy":"hair-type","embeddable":true,"href":"https:\/\/glamaholic.shop\/new\/wp-json\/wp\/v2\/hair-type?post=4110"},{"taxonomy":"manufacturer","embeddable":true,"href":"https:\/\/glamaholic.shop\/new\/wp-json\/wp\/v2\/manufacturer?post=4110"}],"curies":[{"name":"wp","href":"https:\/\/api.w.org\/{rel}","templated":true}]}}