{"id":4083,"date":"2021-05-20T01:42:31","date_gmt":"2021-05-20T01:42:31","guid":{"rendered":"http:\/\/glamaholic.shop\/new\/product\/matrix-oil-wonders-indian-amal-oil-125ml\/"},"modified":"2021-05-20T01:42:31","modified_gmt":"2021-05-20T01:42:31","slug":"matrix-oil-wonders-indian-amal-oil-125ml","status":"publish","type":"product","link":"https:\/\/glamaholic.shop\/new\/product\/matrix-oil-wonders-indian-amal-oil-125ml\/","title":{"rendered":"Matrix Oil Wonders Indian Amal Oil 125ml"},"content":{"rendered":"<p>Oljan kan anv\u00e4ndas f\u00f6r alla typer av h\u00e5r, men \u00e4r s\u00e4rskilt bra f\u00f6r svaga och sk\u00f6ra h\u00e5r som beh\u00f6ver extra omsorg styrka. Den har en reparerande effekt och ger h\u00e5ret en fin glans och ett mer h\u00e4lsosamt utseende.&nbsp;<br \/>Passar alla h\u00e5rtyper<br \/><span>Kan anv\u00e4ndas p\u00e5 flera s\u00e4tt.<\/span><br \/>Applicera 1-2 pumptryck innan shampoonering, tillsammans med en balsam eller som en avslutande finish f\u00f6r att f\u00e5 bort frizz<br \/>125ml&nbsp;<\/p>\n","protected":false},"excerpt":{"rendered":"<p>Matrix Oil Wonders Indian Amal Oil 125ml<\/p>\n","protected":false},"featured_media":1467,"comment_status":"closed","ping_status":"open","template":"","meta":{"_monsterinsights_skip_tracking":false,"_monsterinsights_sitenote_active":false,"_monsterinsights_sitenote_note":"","_monsterinsights_sitenote_category":0},"hair-type":[93],"manufacturer":[105],"_links":{"self":[{"href":"https:\/\/glamaholic.shop\/new\/wp-json\/wp\/v2\/product\/4083"}],"collection":[{"href":"https:\/\/glamaholic.shop\/new\/wp-json\/wp\/v2\/product"}],"about":[{"href":"https:\/\/glamaholic.shop\/new\/wp-json\/wp\/v2\/types\/product"}],"replies":[{"embeddable":true,"href":"https:\/\/glamaholic.shop\/new\/wp-json\/wp\/v2\/comments?post=4083"}],"wp:featuredmedia":[{"embeddable":true,"href":"https:\/\/glamaholic.shop\/new\/wp-json\/wp\/v2\/media\/1467"}],"wp:attachment":[{"href":"https:\/\/glamaholic.shop\/new\/wp-json\/wp\/v2\/media?parent=4083"}],"wp:term":[{"taxonomy":"hair-type","embeddable":true,"href":"https:\/\/glamaholic.shop\/new\/wp-json\/wp\/v2\/hair-type?post=4083"},{"taxonomy":"manufacturer","embeddable":true,"href":"https:\/\/glamaholic.shop\/new\/wp-json\/wp\/v2\/manufacturer?post=4083"}],"curies":[{"name":"wp","href":"https:\/\/api.w.org\/{rel}","templated":true}]}}