{"id":4066,"date":"2021-05-20T01:42:28","date_gmt":"2021-05-20T01:42:28","guid":{"rendered":"http:\/\/glamaholic.shop\/new\/product\/kevin-murphy-shimmer-shine\/"},"modified":"2021-05-20T01:42:28","modified_gmt":"2021-05-20T01:42:28","slug":"kevin-murphy-shimmer-shine","status":"publish","type":"product","link":"https:\/\/glamaholic.shop\/new\/product\/kevin-murphy-shimmer-shine\/","title":{"rendered":"Kevin Murphy Shimmer Shine"},"content":{"rendered":"<p>Stylingprodukt som samtidigt behandlar h\u00e5ret. <br \/>Ger en str\u00e5lande glans till h\u00e5ret utan oljig \u00e5terstod. <br \/>Reparerar skadat h\u00e5r.<br \/>100ml<\/p>\n","protected":false},"excerpt":{"rendered":"<p>Kevin Murphy Shimmer Shine<\/p>\n","protected":false},"featured_media":1433,"comment_status":"closed","ping_status":"open","template":"","meta":{"_monsterinsights_skip_tracking":false,"_monsterinsights_sitenote_active":false,"_monsterinsights_sitenote_note":"","_monsterinsights_sitenote_category":0},"hair-type":[],"manufacturer":[96],"_links":{"self":[{"href":"https:\/\/glamaholic.shop\/new\/wp-json\/wp\/v2\/product\/4066"}],"collection":[{"href":"https:\/\/glamaholic.shop\/new\/wp-json\/wp\/v2\/product"}],"about":[{"href":"https:\/\/glamaholic.shop\/new\/wp-json\/wp\/v2\/types\/product"}],"replies":[{"embeddable":true,"href":"https:\/\/glamaholic.shop\/new\/wp-json\/wp\/v2\/comments?post=4066"}],"wp:featuredmedia":[{"embeddable":true,"href":"https:\/\/glamaholic.shop\/new\/wp-json\/wp\/v2\/media\/1433"}],"wp:attachment":[{"href":"https:\/\/glamaholic.shop\/new\/wp-json\/wp\/v2\/media?parent=4066"}],"wp:term":[{"taxonomy":"hair-type","embeddable":true,"href":"https:\/\/glamaholic.shop\/new\/wp-json\/wp\/v2\/hair-type?post=4066"},{"taxonomy":"manufacturer","embeddable":true,"href":"https:\/\/glamaholic.shop\/new\/wp-json\/wp\/v2\/manufacturer?post=4066"}],"curies":[{"name":"wp","href":"https:\/\/api.w.org\/{rel}","templated":true}]}}