{"id":4058,"date":"2021-05-20T01:42:23","date_gmt":"2021-05-20T01:42:23","guid":{"rendered":"http:\/\/glamaholic.shop\/new\/product\/goldwell-stylesign-gloss-spun-shine\/"},"modified":"2021-05-20T01:42:25","modified_gmt":"2021-05-20T01:42:25","slug":"goldwell-stylesign-gloss-spun-shine","status":"publish","type":"product","link":"https:\/\/glamaholic.shop\/new\/product\/goldwell-stylesign-gloss-spun-shine\/","title":{"rendered":"Goldwell StyleSign Gloss Spun Shine"},"content":{"rendered":"<p>Spun Shine &#8211; Shine Cream 100 ml<\/p>\n<p>  &nbsp;  <\/p>\n<li>Ultral\u00e4tt gelcreme med mjuk kontroll<\/li>\n<li>F\u00f6rst\u00e4rker h\u00e5rets naturliga glans utan att g\u00f6ra det fett<\/li>\n<li>Perfekt f\u00f6r tunt och fint h\u00e5r<\/li>\n<li>Med f\u00e4rgskydd<\/li>\n<p><strong>Anv\u00e4ndning:<\/strong> Applicera i torrt h\u00e5r.<\/p>\n<p><strong>Hold factor:<\/strong> 1<\/p>\n<p><strong>Shine factor<\/strong>:<\/p>\n","protected":false},"excerpt":{"rendered":"<p>Goldwell StyleSign Gloss Spun Shine<\/p>\n","protected":false},"featured_media":1417,"comment_status":"closed","ping_status":"open","template":"","meta":{"_monsterinsights_skip_tracking":false,"_monsterinsights_sitenote_active":false,"_monsterinsights_sitenote_note":"","_monsterinsights_sitenote_category":0},"hair-type":[],"manufacturer":[92],"_links":{"self":[{"href":"https:\/\/glamaholic.shop\/new\/wp-json\/wp\/v2\/product\/4058"}],"collection":[{"href":"https:\/\/glamaholic.shop\/new\/wp-json\/wp\/v2\/product"}],"about":[{"href":"https:\/\/glamaholic.shop\/new\/wp-json\/wp\/v2\/types\/product"}],"replies":[{"embeddable":true,"href":"https:\/\/glamaholic.shop\/new\/wp-json\/wp\/v2\/comments?post=4058"}],"wp:featuredmedia":[{"embeddable":true,"href":"https:\/\/glamaholic.shop\/new\/wp-json\/wp\/v2\/media\/1417"}],"wp:attachment":[{"href":"https:\/\/glamaholic.shop\/new\/wp-json\/wp\/v2\/media?parent=4058"}],"wp:term":[{"taxonomy":"hair-type","embeddable":true,"href":"https:\/\/glamaholic.shop\/new\/wp-json\/wp\/v2\/hair-type?post=4058"},{"taxonomy":"manufacturer","embeddable":true,"href":"https:\/\/glamaholic.shop\/new\/wp-json\/wp\/v2\/manufacturer?post=4058"}],"curies":[{"name":"wp","href":"https:\/\/api.w.org\/{rel}","templated":true}]}}