{"id":4035,"date":"2021-05-20T01:42:20","date_gmt":"2021-05-20T01:42:20","guid":{"rendered":"http:\/\/glamaholic.shop\/new\/product\/tigi-bed-head-dumb-blonde-shampoo\/"},"modified":"2021-05-20T01:42:21","modified_gmt":"2021-05-20T01:42:21","slug":"tigi-bed-head-dumb-blonde-shampoo","status":"publish","type":"product","link":"https:\/\/glamaholic.shop\/new\/product\/tigi-bed-head-dumb-blonde-shampoo\/","title":{"rendered":"Tigi Bed Head Dumb Blonde Shampoo"},"content":{"rendered":"<p>Bek\u00e4mpar por\u00f6sitet i h\u00e5ret och tr\u00e5kig f\u00e4rg i slingat eller blekt h\u00e5r. Blekt h\u00e5r beh\u00f6ver r\u00e4tt behandling och detta schampo fyllt med v\u00e5rdande \u00e4mnen som f\u00f6rb\u00e4ttrar h\u00e5rkvaliten i blekt och behandlat h\u00e5r. <br \/>L\u00e5t den nya Colur Lockdown Technology utf\u00f6ra underverk och tillf\u00f6ra h\u00e5ret ett nytt sunt liv.<br \/>250ml<\/p>\n","protected":false},"excerpt":{"rendered":"<p>Tigi Bed Head Dumb Blonde Shampoo<\/p>\n","protected":false},"featured_media":1371,"comment_status":"closed","ping_status":"open","template":"","meta":{"_monsterinsights_skip_tracking":false,"_monsterinsights_sitenote_active":false,"_monsterinsights_sitenote_note":"","_monsterinsights_sitenote_category":0},"hair-type":[83],"manufacturer":[114],"_links":{"self":[{"href":"https:\/\/glamaholic.shop\/new\/wp-json\/wp\/v2\/product\/4035"}],"collection":[{"href":"https:\/\/glamaholic.shop\/new\/wp-json\/wp\/v2\/product"}],"about":[{"href":"https:\/\/glamaholic.shop\/new\/wp-json\/wp\/v2\/types\/product"}],"replies":[{"embeddable":true,"href":"https:\/\/glamaholic.shop\/new\/wp-json\/wp\/v2\/comments?post=4035"}],"wp:featuredmedia":[{"embeddable":true,"href":"https:\/\/glamaholic.shop\/new\/wp-json\/wp\/v2\/media\/1371"}],"wp:attachment":[{"href":"https:\/\/glamaholic.shop\/new\/wp-json\/wp\/v2\/media?parent=4035"}],"wp:term":[{"taxonomy":"hair-type","embeddable":true,"href":"https:\/\/glamaholic.shop\/new\/wp-json\/wp\/v2\/hair-type?post=4035"},{"taxonomy":"manufacturer","embeddable":true,"href":"https:\/\/glamaholic.shop\/new\/wp-json\/wp\/v2\/manufacturer?post=4035"}],"curies":[{"name":"wp","href":"https:\/\/api.w.org\/{rel}","templated":true}]}}