{"id":4032,"date":"2021-05-20T01:42:20","date_gmt":"2021-05-20T01:42:20","guid":{"rendered":"http:\/\/glamaholic.shop\/new\/product\/tigi-catwalk-oatmeal-honey-shampoo\/"},"modified":"2021-05-20T01:42:21","modified_gmt":"2021-05-20T01:42:21","slug":"tigi-catwalk-oatmeal-honey-shampoo","status":"publish","type":"product","link":"https:\/\/glamaholic.shop\/new\/product\/tigi-catwalk-oatmeal-honey-shampoo\/","title":{"rendered":"Tigi Catwalk Oatmeal &#038; Honey Shampoo"},"content":{"rendered":"<p>Oatmeal &amp; Honey \u00e5terkommer som ett bevis p\u00e5 en stark k\u00e4rleksaff\u00e4r och&nbsp;att gammal k\u00e4rlek rostar aldrig. Ny och f\u00f6rb\u00e4ttrad n\u00e4rande formula med&nbsp;acaciahonung, veteproteiner och vitamin E. Ger torrt h\u00e5r nytt liv, det blir&nbsp;silkesmjukt och glansfullt och den underbara doften \u00e4r of\u00f6rgl\u00f6mlig.<\/p>\n<p>En intensiv Oatmeal &amp; Honey Nourishing Mask kompletterar trion och den har&nbsp;fibergenomtr\u00e4ngande ingredienser som ger n\u00e4ring och reparerar och g\u00f6r h\u00e5ret&nbsp;mjukt och skinande.<\/p>\n<p>300ml<\/p>\n","protected":false},"excerpt":{"rendered":"<p>Tigi Catwalk Oatmeal &#038; Honey Shampoo<\/p>\n","protected":false},"featured_media":1365,"comment_status":"closed","ping_status":"open","template":"","meta":{"_monsterinsights_skip_tracking":false,"_monsterinsights_sitenote_active":false,"_monsterinsights_sitenote_note":"","_monsterinsights_sitenote_category":0},"hair-type":[98],"manufacturer":[114],"_links":{"self":[{"href":"https:\/\/glamaholic.shop\/new\/wp-json\/wp\/v2\/product\/4032"}],"collection":[{"href":"https:\/\/glamaholic.shop\/new\/wp-json\/wp\/v2\/product"}],"about":[{"href":"https:\/\/glamaholic.shop\/new\/wp-json\/wp\/v2\/types\/product"}],"replies":[{"embeddable":true,"href":"https:\/\/glamaholic.shop\/new\/wp-json\/wp\/v2\/comments?post=4032"}],"wp:featuredmedia":[{"embeddable":true,"href":"https:\/\/glamaholic.shop\/new\/wp-json\/wp\/v2\/media\/1365"}],"wp:attachment":[{"href":"https:\/\/glamaholic.shop\/new\/wp-json\/wp\/v2\/media?parent=4032"}],"wp:term":[{"taxonomy":"hair-type","embeddable":true,"href":"https:\/\/glamaholic.shop\/new\/wp-json\/wp\/v2\/hair-type?post=4032"},{"taxonomy":"manufacturer","embeddable":true,"href":"https:\/\/glamaholic.shop\/new\/wp-json\/wp\/v2\/manufacturer?post=4032"}],"curies":[{"name":"wp","href":"https:\/\/api.w.org\/{rel}","templated":true}]}}