{"id":3999,"date":"2021-05-20T01:42:12","date_gmt":"2021-05-20T01:42:12","guid":{"rendered":"http:\/\/glamaholic.shop\/new\/product\/revlon-professional-interactives-shine-up-shampoo\/"},"modified":"2021-05-20T01:42:15","modified_gmt":"2021-05-20T01:42:15","slug":"revlon-professional-interactives-shine-up-shampoo","status":"publish","type":"product","link":"https:\/\/glamaholic.shop\/new\/product\/revlon-professional-interactives-shine-up-shampoo\/","title":{"rendered":"Revlon Professional Interactives Shine Up Shampoo"},"content":{"rendered":"<p>Glans, styrka och volym. Fint h\u00e5r kan ofta verka livl\u00f6st,  tr\u00e5kigt och sk\u00f6rt. Det kan vara upp till tre g\u00e5nger s\u00e5  tunt som normalt h\u00e5r, vilket betyder att volymen snabbt f\u00f6rsvinner. Det \u00e4r d\u00e4rf\u00f6r viktigt att anv\u00e4nda den r\u00e4tta  behandlingen, f\u00f6r att uppr\u00e4tth\u00e5lla styrkan och volymen i h\u00e5ret.<br \/>V\u00e5rdande shampoo f\u00f6r fint h\u00e5r.<br \/>250ml<br \/>&nbsp;<\/p>\n","protected":false},"excerpt":{"rendered":"<p>Revlon Professional Interactives Shine Up Shampoo<\/p>\n","protected":false},"featured_media":1299,"comment_status":"closed","ping_status":"open","template":"","meta":{"_monsterinsights_skip_tracking":false,"_monsterinsights_sitenote_active":false,"_monsterinsights_sitenote_note":"","_monsterinsights_sitenote_category":0},"hair-type":[79],"manufacturer":[111],"_links":{"self":[{"href":"https:\/\/glamaholic.shop\/new\/wp-json\/wp\/v2\/product\/3999"}],"collection":[{"href":"https:\/\/glamaholic.shop\/new\/wp-json\/wp\/v2\/product"}],"about":[{"href":"https:\/\/glamaholic.shop\/new\/wp-json\/wp\/v2\/types\/product"}],"replies":[{"embeddable":true,"href":"https:\/\/glamaholic.shop\/new\/wp-json\/wp\/v2\/comments?post=3999"}],"wp:featuredmedia":[{"embeddable":true,"href":"https:\/\/glamaholic.shop\/new\/wp-json\/wp\/v2\/media\/1299"}],"wp:attachment":[{"href":"https:\/\/glamaholic.shop\/new\/wp-json\/wp\/v2\/media?parent=3999"}],"wp:term":[{"taxonomy":"hair-type","embeddable":true,"href":"https:\/\/glamaholic.shop\/new\/wp-json\/wp\/v2\/hair-type?post=3999"},{"taxonomy":"manufacturer","embeddable":true,"href":"https:\/\/glamaholic.shop\/new\/wp-json\/wp\/v2\/manufacturer?post=3999"}],"curies":[{"name":"wp","href":"https:\/\/api.w.org\/{rel}","templated":true}]}}