{"id":3977,"date":"2021-05-20T01:42:09","date_gmt":"2021-05-20T01:42:09","guid":{"rendered":"http:\/\/glamaholic.shop\/new\/product\/ref-dry-shampoo-75ml\/"},"modified":"2021-05-20T01:42:11","modified_gmt":"2021-05-20T01:42:11","slug":"ref-dry-shampoo-75ml","status":"publish","type":"product","link":"https:\/\/glamaholic.shop\/new\/product\/ref-dry-shampoo-75ml\/","title":{"rendered":"REF. Dry Shampoo 75ml"},"content":{"rendered":"<p>Torr puderspray f\u00f6r att fr\u00e4scha upp h\u00e5ret och samtidigt ge volym och textur utan att beh\u00f6va tv\u00e4tta h\u00e5ret.<br \/>Kan anv\u00e4ndas som REF.rescher dagen efter. Absorberar upp \u00f6verfl\u00f6dig fett i h\u00e5rbotten.<br \/>Kan anv\u00e4ndas som en styling spray f\u00f6r att skapa volym b\u00e5de i h\u00e5rbotten och p\u00e5 l\u00e4ngderna.<br \/>Gnugga g\u00e4rna ut med fingertopparna efter applicering.<br \/>Skaka burken tills kulan h\u00f6rs, applicera sedan ca 5-8 cm ifr\u00e5n huvudet.<br \/>75ml<br \/>&nbsp;<\/p><\/p>\n","protected":false},"excerpt":{"rendered":"<p>REF. Dry Shampoo 75ml<\/p>\n","protected":false},"featured_media":1255,"comment_status":"closed","ping_status":"open","template":"","meta":{"_monsterinsights_skip_tracking":false,"_monsterinsights_sitenote_active":false,"_monsterinsights_sitenote_note":"","_monsterinsights_sitenote_category":0},"hair-type":[122],"manufacturer":[110],"_links":{"self":[{"href":"https:\/\/glamaholic.shop\/new\/wp-json\/wp\/v2\/product\/3977"}],"collection":[{"href":"https:\/\/glamaholic.shop\/new\/wp-json\/wp\/v2\/product"}],"about":[{"href":"https:\/\/glamaholic.shop\/new\/wp-json\/wp\/v2\/types\/product"}],"replies":[{"embeddable":true,"href":"https:\/\/glamaholic.shop\/new\/wp-json\/wp\/v2\/comments?post=3977"}],"wp:featuredmedia":[{"embeddable":true,"href":"https:\/\/glamaholic.shop\/new\/wp-json\/wp\/v2\/media\/1255"}],"wp:attachment":[{"href":"https:\/\/glamaholic.shop\/new\/wp-json\/wp\/v2\/media?parent=3977"}],"wp:term":[{"taxonomy":"hair-type","embeddable":true,"href":"https:\/\/glamaholic.shop\/new\/wp-json\/wp\/v2\/hair-type?post=3977"},{"taxonomy":"manufacturer","embeddable":true,"href":"https:\/\/glamaholic.shop\/new\/wp-json\/wp\/v2\/manufacturer?post=3977"}],"curies":[{"name":"wp","href":"https:\/\/api.w.org\/{rel}","templated":true}]}}