{"id":3946,"date":"2021-05-20T01:42:06","date_gmt":"2021-05-20T01:42:06","guid":{"rendered":"http:\/\/glamaholic.shop\/new\/product\/matrix-biolage-repairinside-shampoo-1000ml\/"},"modified":"2021-05-20T01:42:07","modified_gmt":"2021-05-20T01:42:07","slug":"matrix-biolage-repairinside-shampoo-1000ml","status":"publish","type":"product","link":"https:\/\/glamaholic.shop\/new\/product\/matrix-biolage-repairinside-shampoo-1000ml\/","title":{"rendered":"Matrix Biolage Repairinside Shampoo 1000ml"},"content":{"rendered":"<p><span>Utvecklad med Soja + Arganin f\u00f6r att hj\u00e4lpa ett s\u00e5 kallat skadat h\u00e5r med \u00e5terbyggnad av sin struktur fr\u00e5n insidan.<\/span><br \/><span>Shampoot reng\u00f6r och bearbetar ett allvarligt skadat h\u00e5r f\u00f6r att \u00e5terst\u00e4lla h\u00e5rets smidighet och glans.<\/span><br \/><span>Anv\u00e4ndning:<\/span><br \/><span>Sk\u00f6lj h\u00e5ret och massera tills det skummar, med en mjuk masserande r\u00f6relse &#8211; f\u00f6lj upp med Conditioner.<\/span><br \/>1000ml<\/p>\n","protected":false},"excerpt":{"rendered":"<p>Matrix Biolage Repairinside Shampoo 1000ml<\/p>\n","protected":false},"featured_media":1193,"comment_status":"closed","ping_status":"open","template":"","meta":{"_monsterinsights_skip_tracking":false,"_monsterinsights_sitenote_active":false,"_monsterinsights_sitenote_note":"","_monsterinsights_sitenote_category":0},"hair-type":[88],"manufacturer":[105],"_links":{"self":[{"href":"https:\/\/glamaholic.shop\/new\/wp-json\/wp\/v2\/product\/3946"}],"collection":[{"href":"https:\/\/glamaholic.shop\/new\/wp-json\/wp\/v2\/product"}],"about":[{"href":"https:\/\/glamaholic.shop\/new\/wp-json\/wp\/v2\/types\/product"}],"replies":[{"embeddable":true,"href":"https:\/\/glamaholic.shop\/new\/wp-json\/wp\/v2\/comments?post=3946"}],"wp:featuredmedia":[{"embeddable":true,"href":"https:\/\/glamaholic.shop\/new\/wp-json\/wp\/v2\/media\/1193"}],"wp:attachment":[{"href":"https:\/\/glamaholic.shop\/new\/wp-json\/wp\/v2\/media?parent=3946"}],"wp:term":[{"taxonomy":"hair-type","embeddable":true,"href":"https:\/\/glamaholic.shop\/new\/wp-json\/wp\/v2\/hair-type?post=3946"},{"taxonomy":"manufacturer","embeddable":true,"href":"https:\/\/glamaholic.shop\/new\/wp-json\/wp\/v2\/manufacturer?post=3946"}],"curies":[{"name":"wp","href":"https:\/\/api.w.org\/{rel}","templated":true}]}}