{"id":3939,"date":"2021-05-20T01:42:03","date_gmt":"2021-05-20T01:42:03","guid":{"rendered":"http:\/\/glamaholic.shop\/new\/product\/matrix-oil-wonders-shampoo-300ml\/"},"modified":"2021-05-20T01:42:06","modified_gmt":"2021-05-20T01:42:06","slug":"matrix-oil-wonders-shampoo-300ml","status":"publish","type":"product","link":"https:\/\/glamaholic.shop\/new\/product\/matrix-oil-wonders-shampoo-300ml\/","title":{"rendered":"Matrix Oil Wonders Shampoo 300ml"},"content":{"rendered":"<p>L\u00e4ttvikts shampoo med&nbsp;marockansk arganolja som har&nbsp;en unik teknik d\u00e4r mikropartiklar  av marockansk arganolja \u00e4r j\u00e4mnt f\u00f6rdelade i detta silikonbaserade shampoo f\u00f6r mild reng\u00f6ring.<br \/>Ger n\u00e4ring samtidigt som den ger mjukhet och glans. <br \/>Passar alla h\u00e5rtyper.<br \/>Massera in i v\u00e5tt h\u00e5r och sk\u00f6lj, upprepa vid behov.&nbsp;<\/p>\n<p>300ml<\/p>\n","protected":false},"excerpt":{"rendered":"<p>Matrix Oil Wonders Shampoo 300ml<\/p>\n","protected":false},"featured_media":1179,"comment_status":"closed","ping_status":"open","template":"","meta":{"_monsterinsights_skip_tracking":false,"_monsterinsights_sitenote_active":false,"_monsterinsights_sitenote_note":"","_monsterinsights_sitenote_category":0},"hair-type":[],"manufacturer":[105],"_links":{"self":[{"href":"https:\/\/glamaholic.shop\/new\/wp-json\/wp\/v2\/product\/3939"}],"collection":[{"href":"https:\/\/glamaholic.shop\/new\/wp-json\/wp\/v2\/product"}],"about":[{"href":"https:\/\/glamaholic.shop\/new\/wp-json\/wp\/v2\/types\/product"}],"replies":[{"embeddable":true,"href":"https:\/\/glamaholic.shop\/new\/wp-json\/wp\/v2\/comments?post=3939"}],"wp:featuredmedia":[{"embeddable":true,"href":"https:\/\/glamaholic.shop\/new\/wp-json\/wp\/v2\/media\/1179"}],"wp:attachment":[{"href":"https:\/\/glamaholic.shop\/new\/wp-json\/wp\/v2\/media?parent=3939"}],"wp:term":[{"taxonomy":"hair-type","embeddable":true,"href":"https:\/\/glamaholic.shop\/new\/wp-json\/wp\/v2\/hair-type?post=3939"},{"taxonomy":"manufacturer","embeddable":true,"href":"https:\/\/glamaholic.shop\/new\/wp-json\/wp\/v2\/manufacturer?post=3939"}],"curies":[{"name":"wp","href":"https:\/\/api.w.org\/{rel}","templated":true}]}}