{"id":3936,"date":"2021-05-20T01:42:03","date_gmt":"2021-05-20T01:42:03","guid":{"rendered":"http:\/\/glamaholic.shop\/new\/product\/matrix-total-results-blonde-care-shampoo-1l\/"},"modified":"2021-05-20T01:42:05","modified_gmt":"2021-05-20T01:42:05","slug":"matrix-total-results-blonde-care-shampoo-1l","status":"publish","type":"product","link":"https:\/\/glamaholic.shop\/new\/product\/matrix-total-results-blonde-care-shampoo-1l\/","title":{"rendered":"Matrix Total Results Blonde Care Shampoo 1L"},"content":{"rendered":"<p>Total Results Blonde Care \u00e4r l\u00f6sningen f\u00f6r alla typer av blonda h\u00e5r &#8211; f\u00e4rgade, blekta, slingade som naturligt blonda h\u00e5r. Defence 360\u00b0 Technology med kamomill och panthenol \u00e4r en skonsam formula som f\u00f6rl\u00e4nger klara blonda nyanser, ger glans, f\u00f6rebygger slitage &amp; skyddar mot UV-str\u00e5lar. Resultatet \u00e4r ett v\u00e5rdat, skyddat, gl\u00e4nsande och blondt h\u00e5r.<br \/>&nbsp;<br \/><strong>Anv\u00e4ndning:<\/strong><br \/>Applicera i v\u00e5tt h\u00e5r. Massera upp ett skum. Sk\u00f6lj ur. Forts\u00e4tt med Blonde Care Weightless Conditioner.<br \/>1000ml<\/p>\n","protected":false},"excerpt":{"rendered":"<p>Matrix Total Results Blonde Care Shampoo 1L<\/p>\n","protected":false},"featured_media":1173,"comment_status":"closed","ping_status":"open","template":"","meta":{"_monsterinsights_skip_tracking":false,"_monsterinsights_sitenote_active":false,"_monsterinsights_sitenote_note":"","_monsterinsights_sitenote_category":0},"hair-type":[83],"manufacturer":[105],"_links":{"self":[{"href":"https:\/\/glamaholic.shop\/new\/wp-json\/wp\/v2\/product\/3936"}],"collection":[{"href":"https:\/\/glamaholic.shop\/new\/wp-json\/wp\/v2\/product"}],"about":[{"href":"https:\/\/glamaholic.shop\/new\/wp-json\/wp\/v2\/types\/product"}],"replies":[{"embeddable":true,"href":"https:\/\/glamaholic.shop\/new\/wp-json\/wp\/v2\/comments?post=3936"}],"wp:featuredmedia":[{"embeddable":true,"href":"https:\/\/glamaholic.shop\/new\/wp-json\/wp\/v2\/media\/1173"}],"wp:attachment":[{"href":"https:\/\/glamaholic.shop\/new\/wp-json\/wp\/v2\/media?parent=3936"}],"wp:term":[{"taxonomy":"hair-type","embeddable":true,"href":"https:\/\/glamaholic.shop\/new\/wp-json\/wp\/v2\/hair-type?post=3936"},{"taxonomy":"manufacturer","embeddable":true,"href":"https:\/\/glamaholic.shop\/new\/wp-json\/wp\/v2\/manufacturer?post=3936"}],"curies":[{"name":"wp","href":"https:\/\/api.w.org\/{rel}","templated":true}]}}