{"id":3935,"date":"2021-05-20T01:42:03","date_gmt":"2021-05-20T01:42:03","guid":{"rendered":"http:\/\/glamaholic.shop\/new\/product\/matrix-biolage-repairinside-shampoo-250ml\/"},"modified":"2021-05-20T01:42:05","modified_gmt":"2021-05-20T01:42:05","slug":"matrix-biolage-repairinside-shampoo-250ml","status":"publish","type":"product","link":"https:\/\/glamaholic.shop\/new\/product\/matrix-biolage-repairinside-shampoo-250ml\/","title":{"rendered":"Matrix Biolage Repairinside Shampoo 250ml"},"content":{"rendered":"<p>Utvecklad med Soja + Arganin f\u00f6r att hj\u00e4lpa ett s\u00e5 kallat skadat h\u00e5r med \u00e5terbyggnad av sin struktur fr\u00e5n insidan.<br \/>Shampoot reng\u00f6r och bearbetar ett allvarligt skadat h\u00e5r f\u00f6r att \u00e5terst\u00e4lla h\u00e5rets smidighet och glans.<br \/>Anv\u00e4ndning:<br \/>Sk\u00f6lj h\u00e5ret och massera tills det skummar, med en mjuk masserande r\u00f6relse &#8211; f\u00f6lj upp med Conditioner.<\/p>\n<p>250ml<\/p>\n","protected":false},"excerpt":{"rendered":"<p>Matrix Biolage Repairinside Shampoo 250ml<\/p>\n","protected":false},"featured_media":1171,"comment_status":"closed","ping_status":"open","template":"","meta":{"_monsterinsights_skip_tracking":false,"_monsterinsights_sitenote_active":false,"_monsterinsights_sitenote_note":"","_monsterinsights_sitenote_category":0},"hair-type":[88],"manufacturer":[105],"_links":{"self":[{"href":"https:\/\/glamaholic.shop\/new\/wp-json\/wp\/v2\/product\/3935"}],"collection":[{"href":"https:\/\/glamaholic.shop\/new\/wp-json\/wp\/v2\/product"}],"about":[{"href":"https:\/\/glamaholic.shop\/new\/wp-json\/wp\/v2\/types\/product"}],"replies":[{"embeddable":true,"href":"https:\/\/glamaholic.shop\/new\/wp-json\/wp\/v2\/comments?post=3935"}],"wp:featuredmedia":[{"embeddable":true,"href":"https:\/\/glamaholic.shop\/new\/wp-json\/wp\/v2\/media\/1171"}],"wp:attachment":[{"href":"https:\/\/glamaholic.shop\/new\/wp-json\/wp\/v2\/media?parent=3935"}],"wp:term":[{"taxonomy":"hair-type","embeddable":true,"href":"https:\/\/glamaholic.shop\/new\/wp-json\/wp\/v2\/hair-type?post=3935"},{"taxonomy":"manufacturer","embeddable":true,"href":"https:\/\/glamaholic.shop\/new\/wp-json\/wp\/v2\/manufacturer?post=3935"}],"curies":[{"name":"wp","href":"https:\/\/api.w.org\/{rel}","templated":true}]}}