{"id":3931,"date":"2021-05-20T01:42:03","date_gmt":"2021-05-20T01:42:03","guid":{"rendered":"http:\/\/glamaholic.shop\/new\/product\/matrix-total-results-curl-shampoo\/"},"modified":"2021-05-20T01:42:05","modified_gmt":"2021-05-20T01:42:05","slug":"matrix-total-results-curl-shampoo","status":"publish","type":"product","link":"https:\/\/glamaholic.shop\/new\/product\/matrix-total-results-curl-shampoo\/","title":{"rendered":"Matrix Total Results Curl Shampoo"},"content":{"rendered":"<p>Reng\u00f6r skonsamt lockigt h\u00e5r och ger n\u00e4ring till h\u00e5ret. Det motarbetar frissiga lockar genom att \u00e5terfukta h\u00e5ret, och hj\u00e4lper dig f\u00e5 kontroll \u00f6ver dina lockar. Matrix Total Results Curl-seriens professionella h\u00e5rv\u00e5rdsprodukter&nbsp;inneh\u00e5ller Anti-Frizz Nutri-Curl&amp;trade-teknologi med jojobaolja och veteproteiner, som effektivt motverkar frissigt h\u00e5r och uttorkade lockar. Resultatet blir vackert definierade och gl\u00e4nsande lockar fr\u00e5n rot till topp.<\/p>\n<p><strong>Anv\u00e4ndning: <\/strong><br \/>Applicera en liten m\u00e4ngd i v\u00e5tt h\u00e5r. Massera in i h\u00e5r och h\u00e5rbotten s\u00e5 att det bildas ett l\u00f6dder. Sk\u00f6lj av noggrant. F\u00f6lj med Matrix Total Results Curl Conditioner.<\/p>\n<p>300ml<\/p>\n","protected":false},"excerpt":{"rendered":"<p>Matrix Total Results Curl Shampoo<\/p>\n","protected":false},"featured_media":1163,"comment_status":"closed","ping_status":"open","template":"","meta":{"_monsterinsights_skip_tracking":false,"_monsterinsights_sitenote_active":false,"_monsterinsights_sitenote_note":"","_monsterinsights_sitenote_category":0},"hair-type":[],"manufacturer":[105],"_links":{"self":[{"href":"https:\/\/glamaholic.shop\/new\/wp-json\/wp\/v2\/product\/3931"}],"collection":[{"href":"https:\/\/glamaholic.shop\/new\/wp-json\/wp\/v2\/product"}],"about":[{"href":"https:\/\/glamaholic.shop\/new\/wp-json\/wp\/v2\/types\/product"}],"replies":[{"embeddable":true,"href":"https:\/\/glamaholic.shop\/new\/wp-json\/wp\/v2\/comments?post=3931"}],"wp:featuredmedia":[{"embeddable":true,"href":"https:\/\/glamaholic.shop\/new\/wp-json\/wp\/v2\/media\/1163"}],"wp:attachment":[{"href":"https:\/\/glamaholic.shop\/new\/wp-json\/wp\/v2\/media?parent=3931"}],"wp:term":[{"taxonomy":"hair-type","embeddable":true,"href":"https:\/\/glamaholic.shop\/new\/wp-json\/wp\/v2\/hair-type?post=3931"},{"taxonomy":"manufacturer","embeddable":true,"href":"https:\/\/glamaholic.shop\/new\/wp-json\/wp\/v2\/manufacturer?post=3931"}],"curies":[{"name":"wp","href":"https:\/\/api.w.org\/{rel}","templated":true}]}}