{"id":3923,"date":"2021-05-20T01:42:03","date_gmt":"2021-05-20T01:42:03","guid":{"rendered":"http:\/\/glamaholic.shop\/new\/product\/matrix-biolage-colorlast-shampoo-400ml\/"},"modified":"2021-05-20T01:42:04","modified_gmt":"2021-05-20T01:42:04","slug":"matrix-biolage-colorlast-shampoo-400ml","status":"publish","type":"product","link":"https:\/\/glamaholic.shop\/new\/product\/matrix-biolage-colorlast-shampoo-400ml\/","title":{"rendered":"Matrix Biolage ColorLast Shampoo 400ml"},"content":{"rendered":"<p>Likt orkid\u00e9ns f\u00e4rg som inte bleknar, kan h\u00e5rf\u00e4rg nu motst\u00e5 tiden.<\/p>\n<p>Bevara en intensiv och glansfull salongsf\u00e4rg i upp till 9 veckor.*<br \/>*Vid anv\u00e4ndning av ColorLast shampoo och conditioner.<\/p>\n<p><strong>En innovation inom f\u00e4rgbevarande h\u00e5rv\u00e5rd:<\/strong><br \/>Gl\u00f6m bleknande h\u00e5rf\u00e4rger. ColorLast unika formula \u00e4r inspirerad av naturen och skyddar och v\u00e5rdar b\u00e5de ditt h\u00e5r och din h\u00e5rf\u00e4rg. ColorLast bevarar de tre dimensionerna av ett salongsf\u00e4rgat h\u00e5r; intensitet, nyans och glans.<\/p>\n<p><strong>Orkid\u00e9, naturligt f\u00e4rgbevarande, hemligheten?<\/strong><br \/>Flavonoider filtrerar bort UVstr\u00e5larnasom annars oxiderar f\u00e4rgen samtidigt som det antibakteriella lipidskiktet bibeh\u00e5ller en j\u00e4mn nyans avf\u00e4rgtonen.<\/p>\n<p>400ml<\/p>\n<p>Uppt\u00e4ck Biolage kompletta utbud av professionell h\u00e5rv\u00e5rd f\u00f6r ett salongsvackert h\u00e5r. Biolage tar till vara p\u00e5 naturens vitalaste extrakt f\u00f6r att behandla, v\u00e5rda och \u00e5teruppbygga h\u00e5rets naturliga glans och sk\u00f6nhet. Biolage har funnits i Sverige sedan \u00e5r 1990 och utvecklas st\u00e4ndigt f\u00f6r att vara r\u00e4tt i tiden. Under v\u00e5ren kommer hela Biolage genomg\u00e5 en uppfr\u00e4schning och resultatet kan ni se h\u00e4r i produktguiden. Den unika formulan i Biolage bevaras och f\u00f6rbinder natur och teknologi i perfekt harmoni.<\/p>\n","protected":false},"excerpt":{"rendered":"<p>Matrix Biolage ColorLast Shampoo 400ml<\/p>\n","protected":false},"featured_media":1147,"comment_status":"closed","ping_status":"open","template":"","meta":{"_monsterinsights_skip_tracking":false,"_monsterinsights_sitenote_active":false,"_monsterinsights_sitenote_note":"","_monsterinsights_sitenote_category":0},"hair-type":[91],"manufacturer":[105],"_links":{"self":[{"href":"https:\/\/glamaholic.shop\/new\/wp-json\/wp\/v2\/product\/3923"}],"collection":[{"href":"https:\/\/glamaholic.shop\/new\/wp-json\/wp\/v2\/product"}],"about":[{"href":"https:\/\/glamaholic.shop\/new\/wp-json\/wp\/v2\/types\/product"}],"replies":[{"embeddable":true,"href":"https:\/\/glamaholic.shop\/new\/wp-json\/wp\/v2\/comments?post=3923"}],"wp:featuredmedia":[{"embeddable":true,"href":"https:\/\/glamaholic.shop\/new\/wp-json\/wp\/v2\/media\/1147"}],"wp:attachment":[{"href":"https:\/\/glamaholic.shop\/new\/wp-json\/wp\/v2\/media?parent=3923"}],"wp:term":[{"taxonomy":"hair-type","embeddable":true,"href":"https:\/\/glamaholic.shop\/new\/wp-json\/wp\/v2\/hair-type?post=3923"},{"taxonomy":"manufacturer","embeddable":true,"href":"https:\/\/glamaholic.shop\/new\/wp-json\/wp\/v2\/manufacturer?post=3923"}],"curies":[{"name":"wp","href":"https:\/\/api.w.org\/{rel}","templated":true}]}}