{"id":3853,"date":"2021-05-20T01:41:50","date_gmt":"2021-05-20T01:41:50","guid":{"rendered":"http:\/\/glamaholic.shop\/new\/product\/lanza-healing-color-preserving-paket\/"},"modified":"2021-05-20T01:41:51","modified_gmt":"2021-05-20T01:41:51","slug":"lanza-healing-color-preserving-paket","status":"publish","type":"product","link":"https:\/\/glamaholic.shop\/new\/product\/lanza-healing-color-preserving-paket\/","title":{"rendered":"Lanza Healing Color Preserving Paket"},"content":{"rendered":"<ul>\n<li>F\u00e4rgbevarande<\/li>\n<li>Extra milt &#8211; sulfat-fri<\/li>\n<li>Trippelt UV-skydd<\/li>\n<li>pH 5.5<\/li>\n<\/ul>\n<p>Shampoo:<strong><br \/>Vad \u00e4r det?<\/strong><br \/>Color Preserving Shampoo \u00e4r ett extremt f\u00e4rg- bevarande schampo som avl\u00e4gsnar f\u00f6roreningar varsamt. Den har extra mild, sulfat-fri formula som \u00e4r skonsam mot h\u00e5ret och ger det silkesglans. Tack vare Flower Shield ComplexTM skyddar den h\u00e5ret i hela f\u00e4rgspektret. Dessutom \u00e4r den berikad med trippelt UV-skydd samt Keratin Bond System 2TM.<br \/><strong>Anv\u00e4ndning:<\/strong><br \/>Applicera en riklig m\u00e4ngd i v\u00e5tt h\u00e5r och arbeta uppett ordentligt l\u00f6dder. Sk\u00f6lj noggrant. Forts\u00e4tt med&nbsp;Color Preserving Conditioner och Fade Protector&nbsp;&amp; Moisturizer f\u00f6r ett maximalt f\u00e4rgbevarande resultat.<br \/>750ml<br \/>Conditioner:<br \/><strong>Vad \u00e4r det?<\/strong><br \/><span>Color Preserving Conditioner \u00e4r ett o\u00f6vertr\u00e4ffat&nbsp;<\/span><span>f\u00e4rgbevarande balsam med ultrav\u00e5rdande formula&nbsp;<\/span><span>som j\u00e4mnar- &amp; reder ut h\u00e5ret och ger det en silkeslik&nbsp;<\/span><span>mjukhet och str\u00e5lande glans. Den g\u00f6r h\u00e5ret upp till&nbsp;<\/span><span>50% l\u00e4ttare att reda ut. Tack vare Flower Shield&nbsp;<\/span><span>ComplexTM skyddar den h\u00e5ret i hela f\u00e4rgspektret.&nbsp;<\/span><span>Dessutom \u00e4r den berikad med trippelt UV-skydd&nbsp;<\/span><span>samt Keratin Bond System 2TM.<\/span><br \/><strong>Anv\u00e4dning:<\/strong><br \/><span>Applicera i fuktigt h\u00e5r efter schamponering med&nbsp;<\/span><span>Color Preserving Shampoo. Arbeta igenom h\u00e5ret&nbsp;<\/span><span>fr\u00e5n h\u00e5rf\u00e4ste till toppar och sk\u00f6lj noggrant. Forts\u00e4tt&nbsp;<\/span><span>med Fade Protector &amp; Moisturizer f\u00f6r att s\u00e4kerst\u00e4lla&nbsp;<\/span><span>ett maximalt f\u00e4rgbevarande resultat.<br \/><\/span>750ml<\/p>\n","protected":false},"excerpt":{"rendered":"<p>Lanza Healing Color Preserving Paket<\/p>\n","protected":false},"featured_media":1007,"comment_status":"closed","ping_status":"open","template":"","meta":{"_monsterinsights_skip_tracking":false,"_monsterinsights_sitenote_active":false,"_monsterinsights_sitenote_note":"","_monsterinsights_sitenote_category":0},"hair-type":[],"manufacturer":[100],"_links":{"self":[{"href":"https:\/\/glamaholic.shop\/new\/wp-json\/wp\/v2\/product\/3853"}],"collection":[{"href":"https:\/\/glamaholic.shop\/new\/wp-json\/wp\/v2\/product"}],"about":[{"href":"https:\/\/glamaholic.shop\/new\/wp-json\/wp\/v2\/types\/product"}],"replies":[{"embeddable":true,"href":"https:\/\/glamaholic.shop\/new\/wp-json\/wp\/v2\/comments?post=3853"}],"wp:featuredmedia":[{"embeddable":true,"href":"https:\/\/glamaholic.shop\/new\/wp-json\/wp\/v2\/media\/1007"}],"wp:attachment":[{"href":"https:\/\/glamaholic.shop\/new\/wp-json\/wp\/v2\/media?parent=3853"}],"wp:term":[{"taxonomy":"hair-type","embeddable":true,"href":"https:\/\/glamaholic.shop\/new\/wp-json\/wp\/v2\/hair-type?post=3853"},{"taxonomy":"manufacturer","embeddable":true,"href":"https:\/\/glamaholic.shop\/new\/wp-json\/wp\/v2\/manufacturer?post=3853"}],"curies":[{"name":"wp","href":"https:\/\/api.w.org\/{rel}","templated":true}]}}