{"id":3850,"date":"2021-05-20T01:41:50","date_gmt":"2021-05-20T01:41:50","guid":{"rendered":"http:\/\/glamaholic.shop\/new\/product\/kevin-murphy-hydrate-me-wash-shampoo-100ml\/"},"modified":"2021-05-20T01:41:51","modified_gmt":"2021-05-20T01:41:51","slug":"kevin-murphy-hydrate-me-wash-shampoo-100ml","status":"publish","type":"product","link":"https:\/\/glamaholic.shop\/new\/product\/kevin-murphy-hydrate-me-wash-shampoo-100ml\/","title":{"rendered":"Kevin Murphy Hydrate-Me Wash Shampoo 100ml"},"content":{"rendered":"<p><span>&#8211; \u00c5terfuktande schampo f\u00f6r alla h\u00e5r<\/span><br \/><span>&#8211; Ger ditt h\u00e5r maximal \u00e5terfuktning<\/span><br \/><span>&#8211; Ger en silkeslen k\u00e4nsla<\/span><br \/><span>&#8211; Fukten l\u00e5ses in i h\u00e5ret<\/span><br \/><span>&#8211; Tynger ej.<br \/><\/span>100ml<\/p>\n","protected":false},"excerpt":{"rendered":"<p>Kevin Murphy Hydrate-Me Wash Shampoo 100ml<\/p>\n","protected":false},"featured_media":998,"comment_status":"closed","ping_status":"open","template":"","meta":{"_monsterinsights_skip_tracking":false,"_monsterinsights_sitenote_active":false,"_monsterinsights_sitenote_note":"","_monsterinsights_sitenote_category":0},"hair-type":[98],"manufacturer":[96],"_links":{"self":[{"href":"https:\/\/glamaholic.shop\/new\/wp-json\/wp\/v2\/product\/3850"}],"collection":[{"href":"https:\/\/glamaholic.shop\/new\/wp-json\/wp\/v2\/product"}],"about":[{"href":"https:\/\/glamaholic.shop\/new\/wp-json\/wp\/v2\/types\/product"}],"replies":[{"embeddable":true,"href":"https:\/\/glamaholic.shop\/new\/wp-json\/wp\/v2\/comments?post=3850"}],"wp:featuredmedia":[{"embeddable":true,"href":"https:\/\/glamaholic.shop\/new\/wp-json\/wp\/v2\/media\/998"}],"wp:attachment":[{"href":"https:\/\/glamaholic.shop\/new\/wp-json\/wp\/v2\/media?parent=3850"}],"wp:term":[{"taxonomy":"hair-type","embeddable":true,"href":"https:\/\/glamaholic.shop\/new\/wp-json\/wp\/v2\/hair-type?post=3850"},{"taxonomy":"manufacturer","embeddable":true,"href":"https:\/\/glamaholic.shop\/new\/wp-json\/wp\/v2\/manufacturer?post=3850"}],"curies":[{"name":"wp","href":"https:\/\/api.w.org\/{rel}","templated":true}]}}