{"id":3838,"date":"2021-05-20T01:41:45","date_gmt":"2021-05-20T01:41:45","guid":{"rendered":"http:\/\/glamaholic.shop\/new\/product\/kevin-murphy-maxi-wash-detox-shampoo\/"},"modified":"2021-05-20T01:41:47","modified_gmt":"2021-05-20T01:41:47","slug":"kevin-murphy-maxi-wash-detox-shampoo","status":"publish","type":"product","link":"https:\/\/glamaholic.shop\/new\/product\/kevin-murphy-maxi-wash-detox-shampoo\/","title":{"rendered":"Kevin Murphy Maxi Wash Detox Shampoo"},"content":{"rendered":"<p>Djupreng\u00f6rande Schampo.<br \/>Reng\u00f6r ditt h\u00e5r p\u00e5 djupet UTAN att ta bort din f\u00e4rg.<br \/>Tar bort alla gamla produktrester.<br \/>Reng\u00f6r och \u00e5terskapar balansen. p\u00e5 din stressade h\u00e5rbotten.<br \/>250ml<\/p>\n<p><strong>&nbsp;<\/strong><\/p>\n","protected":false},"excerpt":{"rendered":"<p>Kevin Murphy Maxi Wash Detox Shampoo<\/p>\n","protected":false},"featured_media":978,"comment_status":"closed","ping_status":"open","template":"","meta":{"_monsterinsights_skip_tracking":false,"_monsterinsights_sitenote_active":false,"_monsterinsights_sitenote_note":"","_monsterinsights_sitenote_category":0},"hair-type":[102],"manufacturer":[96],"_links":{"self":[{"href":"https:\/\/glamaholic.shop\/new\/wp-json\/wp\/v2\/product\/3838"}],"collection":[{"href":"https:\/\/glamaholic.shop\/new\/wp-json\/wp\/v2\/product"}],"about":[{"href":"https:\/\/glamaholic.shop\/new\/wp-json\/wp\/v2\/types\/product"}],"replies":[{"embeddable":true,"href":"https:\/\/glamaholic.shop\/new\/wp-json\/wp\/v2\/comments?post=3838"}],"wp:featuredmedia":[{"embeddable":true,"href":"https:\/\/glamaholic.shop\/new\/wp-json\/wp\/v2\/media\/978"}],"wp:attachment":[{"href":"https:\/\/glamaholic.shop\/new\/wp-json\/wp\/v2\/media?parent=3838"}],"wp:term":[{"taxonomy":"hair-type","embeddable":true,"href":"https:\/\/glamaholic.shop\/new\/wp-json\/wp\/v2\/hair-type?post=3838"},{"taxonomy":"manufacturer","embeddable":true,"href":"https:\/\/glamaholic.shop\/new\/wp-json\/wp\/v2\/manufacturer?post=3838"}],"curies":[{"name":"wp","href":"https:\/\/api.w.org\/{rel}","templated":true}]}}