{"id":3835,"date":"2021-05-20T01:41:45","date_gmt":"2021-05-20T01:41:45","guid":{"rendered":"http:\/\/glamaholic.shop\/new\/product\/xl-thickening-shampoo-400ml\/"},"modified":"2021-05-20T01:41:47","modified_gmt":"2021-05-20T01:41:47","slug":"xl-thickening-shampoo-400ml","status":"publish","type":"product","link":"https:\/\/glamaholic.shop\/new\/product\/xl-thickening-shampoo-400ml\/","title":{"rendered":"XL Thickening Shampoo 400ml"},"content":{"rendered":"<p>Volumizing Thickening Shampoo<br \/>Vad? St\u00e4rkande schampo som ger fylligt och livfullt h\u00e5r.<br \/>Hur? Massera in i v\u00e5tt h\u00e5r. Sk\u00f6lj v\u00e4l.<br \/>Mer? Milt och f\u00e4rgbevarande.<\/p>\n<p>400ml<\/p>\n","protected":false},"excerpt":{"rendered":"<p>XL Thickening Shampoo 400ml<\/p>\n","protected":false},"featured_media":972,"comment_status":"closed","ping_status":"open","template":"","meta":{"_monsterinsights_skip_tracking":false,"_monsterinsights_sitenote_active":false,"_monsterinsights_sitenote_note":"","_monsterinsights_sitenote_category":0},"hair-type":[79],"manufacturer":[94],"_links":{"self":[{"href":"https:\/\/glamaholic.shop\/new\/wp-json\/wp\/v2\/product\/3835"}],"collection":[{"href":"https:\/\/glamaholic.shop\/new\/wp-json\/wp\/v2\/product"}],"about":[{"href":"https:\/\/glamaholic.shop\/new\/wp-json\/wp\/v2\/types\/product"}],"replies":[{"embeddable":true,"href":"https:\/\/glamaholic.shop\/new\/wp-json\/wp\/v2\/comments?post=3835"}],"wp:featuredmedia":[{"embeddable":true,"href":"https:\/\/glamaholic.shop\/new\/wp-json\/wp\/v2\/media\/972"}],"wp:attachment":[{"href":"https:\/\/glamaholic.shop\/new\/wp-json\/wp\/v2\/media?parent=3835"}],"wp:term":[{"taxonomy":"hair-type","embeddable":true,"href":"https:\/\/glamaholic.shop\/new\/wp-json\/wp\/v2\/hair-type?post=3835"},{"taxonomy":"manufacturer","embeddable":true,"href":"https:\/\/glamaholic.shop\/new\/wp-json\/wp\/v2\/manufacturer?post=3835"}],"curies":[{"name":"wp","href":"https:\/\/api.w.org\/{rel}","templated":true}]}}