{"id":3827,"date":"2021-05-20T01:41:45","date_gmt":"2021-05-20T01:41:45","guid":{"rendered":"http:\/\/glamaholic.shop\/new\/product\/grazette-xl-colour-care-shampoo-1000ml\/"},"modified":"2021-05-20T01:41:46","modified_gmt":"2021-05-20T01:41:46","slug":"grazette-xl-colour-care-shampoo-1000ml","status":"publish","type":"product","link":"https:\/\/glamaholic.shop\/new\/product\/grazette-xl-colour-care-shampoo-1000ml\/","title":{"rendered":"Grazette XL Colour Care Shampoo 1000ml"},"content":{"rendered":"<ul>\n<li>Schampo f\u00f6r f\u00e4rgade och preparerade h\u00e5r.<\/li>\n<li>Massera in i v\u00e5tt h\u00e5r, sk\u00f6lj v\u00e4l.<\/li>\n<li>Milt och fuktgivande.&nbsp;<\/li>\n<\/ul>\n<p>Gr\u00f6na \u00e4pplen &#8211; Fuktgivande naturligt extrakt av \u00e4pple.<br \/>Solrosextrakt &#8211; Rik p\u00e5 antioxidanter som skyddar h\u00e5ret mot UV-str\u00e5lning och yttre p\u00e5frestningar.<br \/>\u00c4ppeltensid &#8211; Skonsam f\u00f6r h\u00e5r, hud och milj\u00f6n.<br \/>Lipider &#8211; \u00c5terst\u00e4ller h\u00e5rets yttersta lipidlager, ger fukt, mjukhet och glans<br \/><strong>Ingredienser<\/strong><br \/>Aqua (water), sodium laureth sulfate, cocamidopropyl betaine, sodium chloride, peg-9 cocoglycerides, disodium laureth sulfosuccinate, sodium lauroyl glutamate, glycol distearate, helianthus annuus (sunflower seed extract), c12-13 alkyl lactate, polyquaternium-47, di-c12-13 alkyl malate, laureth-4, sodium cocoyl apple amino acids, hexylene glycol, propylene glycol, citric acid, diazolidinyl urea, butylene glycol, glycerin, parfum (fragrance), geraniol, hydroxyisohexyl 3-cyclohexene carboxaldehyde, linalool, butylphenyl methylpropional, formic acid, iodopropynyl butylcarbamate, dmdm hydantoin, pyrus malus (apple) fruit extract.Med reservation f\u00f6r eventuella \u00e4ndringar.&nbsp;<br \/>1000ml&nbsp;<\/p>\n","protected":false},"excerpt":{"rendered":"<p>Grazette XL Colour Care Shampoo 1000ml<\/p>\n","protected":false},"featured_media":956,"comment_status":"closed","ping_status":"open","template":"","meta":{"_monsterinsights_skip_tracking":false,"_monsterinsights_sitenote_active":false,"_monsterinsights_sitenote_note":"","_monsterinsights_sitenote_category":0},"hair-type":[91],"manufacturer":[94],"_links":{"self":[{"href":"https:\/\/glamaholic.shop\/new\/wp-json\/wp\/v2\/product\/3827"}],"collection":[{"href":"https:\/\/glamaholic.shop\/new\/wp-json\/wp\/v2\/product"}],"about":[{"href":"https:\/\/glamaholic.shop\/new\/wp-json\/wp\/v2\/types\/product"}],"replies":[{"embeddable":true,"href":"https:\/\/glamaholic.shop\/new\/wp-json\/wp\/v2\/comments?post=3827"}],"wp:featuredmedia":[{"embeddable":true,"href":"https:\/\/glamaholic.shop\/new\/wp-json\/wp\/v2\/media\/956"}],"wp:attachment":[{"href":"https:\/\/glamaholic.shop\/new\/wp-json\/wp\/v2\/media?parent=3827"}],"wp:term":[{"taxonomy":"hair-type","embeddable":true,"href":"https:\/\/glamaholic.shop\/new\/wp-json\/wp\/v2\/hair-type?post=3827"},{"taxonomy":"manufacturer","embeddable":true,"href":"https:\/\/glamaholic.shop\/new\/wp-json\/wp\/v2\/manufacturer?post=3827"}],"curies":[{"name":"wp","href":"https:\/\/api.w.org\/{rel}","templated":true}]}}