{"id":3824,"date":"2021-05-20T01:41:45","date_gmt":"2021-05-20T01:41:45","guid":{"rendered":"http:\/\/glamaholic.shop\/new\/product\/grazette-xl-protein-shampo-1000ml\/"},"modified":"2021-05-20T01:41:46","modified_gmt":"2021-05-20T01:41:46","slug":"grazette-xl-protein-shampo-1000ml","status":"publish","type":"product","link":"https:\/\/glamaholic.shop\/new\/product\/grazette-xl-protein-shampo-1000ml\/","title":{"rendered":"Grazette XL Protein Shampo 1000ml"},"content":{"rendered":"<ul>\n<li>\u00c5teruppbyggande schampo med keratin f\u00f6r normalt-torrt h\u00e5r.<\/li>\n<li>Massera in i v\u00e5tt h\u00e5r, sk\u00f6lj v\u00e4l.&nbsp;<\/li>\n<li>Ger&nbsp;<strong>mer<\/strong>&nbsp;fyllighet och glans.<\/li>\n<\/ul>\n<p>Gr\u00f6na \u00e4pplen &#8211; Berikad med naturligt extrakt av \u00e4pple.<br \/>Solrosextrakt &#8211; Rik p\u00e5 antioxidanter som skyddar&nbsp; naturligt och f\u00e4rgat h\u00e5r mot UV-str\u00e5lning och yttre&nbsp; p\u00e5verkan.<br \/>\u00c4ppel-tensid &#8211; Skonsam f\u00f6r h\u00e5r, hud och milj\u00f6n.<br \/>Keratin &#8211; H\u00e5rets eget protein skyddar och bevarar&nbsp; h\u00e5ret i god kondition.<br \/>Guarextrakt &#8211; \u00c5terst\u00e4ller fuktbalansen och verkar&nbsp; konditionerande.<br \/>&#8211; Fri fr\u00e5n silikoner och parabener&nbsp;<br \/>Inneh\u00e5ller: aqua (water), sodium laureth sulfate, sodium lauryl sulfate, coco-betaine, lauryl pyrrolidone, glycol distearate, guar hydroxypropyltrimonium chloride, helianthus annuus (sunflower) seed extract, ppg-12-peg-65 lanolin oil, lauramide mipa, sodium cocoyl apple amino acids, hexylene glycol, butylene glycol, propylene glycol, keratin, hydrolyzed keratin, phenoxyethanol, diazolidinyl urea, cocamide mea, citric acid, benzoic acid, sodium chloride, iodopropynyl butylcarbamate, parfum (fragrance), geraniol, hydroxyisohexyl 3-cyclohexene carboxaldehyde, linalool, butylphenyl methylpropional, pyrus malus (apple) fruit extract&nbsp;<br \/>1000ml<\/p>\n","protected":false},"excerpt":{"rendered":"<p>Grazette XL Protein Shampo 1000ml<\/p>\n","protected":false},"featured_media":950,"comment_status":"closed","ping_status":"open","template":"","meta":{"_monsterinsights_skip_tracking":false,"_monsterinsights_sitenote_active":false,"_monsterinsights_sitenote_note":"","_monsterinsights_sitenote_category":0},"hair-type":[98],"manufacturer":[94],"_links":{"self":[{"href":"https:\/\/glamaholic.shop\/new\/wp-json\/wp\/v2\/product\/3824"}],"collection":[{"href":"https:\/\/glamaholic.shop\/new\/wp-json\/wp\/v2\/product"}],"about":[{"href":"https:\/\/glamaholic.shop\/new\/wp-json\/wp\/v2\/types\/product"}],"replies":[{"embeddable":true,"href":"https:\/\/glamaholic.shop\/new\/wp-json\/wp\/v2\/comments?post=3824"}],"wp:featuredmedia":[{"embeddable":true,"href":"https:\/\/glamaholic.shop\/new\/wp-json\/wp\/v2\/media\/950"}],"wp:attachment":[{"href":"https:\/\/glamaholic.shop\/new\/wp-json\/wp\/v2\/media?parent=3824"}],"wp:term":[{"taxonomy":"hair-type","embeddable":true,"href":"https:\/\/glamaholic.shop\/new\/wp-json\/wp\/v2\/hair-type?post=3824"},{"taxonomy":"manufacturer","embeddable":true,"href":"https:\/\/glamaholic.shop\/new\/wp-json\/wp\/v2\/manufacturer?post=3824"}],"curies":[{"name":"wp","href":"https:\/\/api.w.org\/{rel}","templated":true}]}}