{"id":3815,"date":"2021-05-20T01:41:39","date_gmt":"2021-05-20T01:41:39","guid":{"rendered":"http:\/\/glamaholic.shop\/new\/product\/goldwell-dualsenses-curly-twist-shampoo-15l\/"},"modified":"2021-05-20T01:41:41","modified_gmt":"2021-05-20T01:41:41","slug":"goldwell-dualsenses-curly-twist-shampoo-15l","status":"publish","type":"product","link":"https:\/\/glamaholic.shop\/new\/product\/goldwell-dualsenses-curly-twist-shampoo-15l\/","title":{"rendered":"Goldwell Dualsenses Curly Twist Shampoo 1,5L"},"content":{"rendered":"<p><span>Ger omedelbar sp\u00e4nst och elasticitet<\/span>.&nbsp;<span>Inneh\u00e5ller HydroBounce Complex och bambuextrakt som ger sammanh\u00e5llna, gl\u00e4nsande och elastiska lockar.<\/span><br \/>F\u00f6rdela j\u00e4mnt i v\u00e5tt h\u00e5r och massera till  skum. Sk\u00f6lj ur.<br \/>1500ml<\/p>\n","protected":false},"excerpt":{"rendered":"<p>Goldwell Dualsenses Curly Twist Shampoo 1,5L<\/p>\n","protected":false},"featured_media":932,"comment_status":"closed","ping_status":"open","template":"","meta":{"_monsterinsights_skip_tracking":false,"_monsterinsights_sitenote_active":false,"_monsterinsights_sitenote_note":"","_monsterinsights_sitenote_category":0},"hair-type":[93],"manufacturer":[92],"_links":{"self":[{"href":"https:\/\/glamaholic.shop\/new\/wp-json\/wp\/v2\/product\/3815"}],"collection":[{"href":"https:\/\/glamaholic.shop\/new\/wp-json\/wp\/v2\/product"}],"about":[{"href":"https:\/\/glamaholic.shop\/new\/wp-json\/wp\/v2\/types\/product"}],"replies":[{"embeddable":true,"href":"https:\/\/glamaholic.shop\/new\/wp-json\/wp\/v2\/comments?post=3815"}],"wp:featuredmedia":[{"embeddable":true,"href":"https:\/\/glamaholic.shop\/new\/wp-json\/wp\/v2\/media\/932"}],"wp:attachment":[{"href":"https:\/\/glamaholic.shop\/new\/wp-json\/wp\/v2\/media?parent=3815"}],"wp:term":[{"taxonomy":"hair-type","embeddable":true,"href":"https:\/\/glamaholic.shop\/new\/wp-json\/wp\/v2\/hair-type?post=3815"},{"taxonomy":"manufacturer","embeddable":true,"href":"https:\/\/glamaholic.shop\/new\/wp-json\/wp\/v2\/manufacturer?post=3815"}],"curies":[{"name":"wp","href":"https:\/\/api.w.org\/{rel}","templated":true}]}}