{"id":3814,"date":"2021-05-20T01:41:39","date_gmt":"2021-05-20T01:41:39","guid":{"rendered":"http:\/\/glamaholic.shop\/new\/product\/goldwell-dualsenses-true-color-shampoo-1500ml-conditioner-1500ml\/"},"modified":"2021-05-20T01:41:41","modified_gmt":"2021-05-20T01:41:41","slug":"goldwell-dualsenses-true-color-shampoo-1500ml-conditioner-1500ml","status":"publish","type":"product","link":"https:\/\/glamaholic.shop\/new\/product\/goldwell-dualsenses-true-color-shampoo-1500ml-conditioner-1500ml\/","title":{"rendered":"Goldwell Dualsenses True Color Shampoo 1500ml Conditioner 1500ml"},"content":{"rendered":"<p>Sulfatfritt med naturliga reng\u00f6rings\u00e4mnen. Ger omedelbar f\u00e4rglyster. S\u00e4rskilt skonsam mot h\u00e5rf\u00e4rgen<br \/><strong>Anv\u00e4ndning:<\/strong><br \/>F\u00f6rdela i fuktigt h\u00e5r och massera till skum. Sk\u00f6lj noga.<strong><br \/><\/strong><\/p>\n<p>Storlek: 1500 ml<\/p>\n<p><strong>Goldwell Dualsenses Green True Color Conditioner<\/strong><br \/>F\u00e4rgbevarande med naturliga v\u00e5rd\u00e4mnen. \u00c5terfuktar och g\u00f6r h\u00e5ret mer l\u00e4ttkammat. Skyddar mot fria radikaler.&nbsp;<br \/><strong>Anv\u00e4ndning:<\/strong><br \/>F\u00f6rdela j\u00e4mnt i tv\u00e4ttat h\u00e5r, l\u00e5t verka i en minut och sk\u00f6lj sedan noga.<\/p>\n<p>Storlek: 1500 ml<\/p>\n","protected":false},"excerpt":{"rendered":"<p>Goldwell Dualsenses True Color Shampoo 1500ml Conditioner 1500ml<\/p>\n","protected":false},"featured_media":930,"comment_status":"closed","ping_status":"open","template":"","meta":{"_monsterinsights_skip_tracking":false,"_monsterinsights_sitenote_active":false,"_monsterinsights_sitenote_note":"","_monsterinsights_sitenote_category":0},"hair-type":[],"manufacturer":[92],"_links":{"self":[{"href":"https:\/\/glamaholic.shop\/new\/wp-json\/wp\/v2\/product\/3814"}],"collection":[{"href":"https:\/\/glamaholic.shop\/new\/wp-json\/wp\/v2\/product"}],"about":[{"href":"https:\/\/glamaholic.shop\/new\/wp-json\/wp\/v2\/types\/product"}],"replies":[{"embeddable":true,"href":"https:\/\/glamaholic.shop\/new\/wp-json\/wp\/v2\/comments?post=3814"}],"wp:featuredmedia":[{"embeddable":true,"href":"https:\/\/glamaholic.shop\/new\/wp-json\/wp\/v2\/media\/930"}],"wp:attachment":[{"href":"https:\/\/glamaholic.shop\/new\/wp-json\/wp\/v2\/media?parent=3814"}],"wp:term":[{"taxonomy":"hair-type","embeddable":true,"href":"https:\/\/glamaholic.shop\/new\/wp-json\/wp\/v2\/hair-type?post=3814"},{"taxonomy":"manufacturer","embeddable":true,"href":"https:\/\/glamaholic.shop\/new\/wp-json\/wp\/v2\/manufacturer?post=3814"}],"curies":[{"name":"wp","href":"https:\/\/api.w.org\/{rel}","templated":true}]}}