{"id":3811,"date":"2021-05-20T01:41:39","date_gmt":"2021-05-20T01:41:39","guid":{"rendered":"http:\/\/glamaholic.shop\/new\/product\/goldwell-dualsenses-curly-twist-shampoo\/"},"modified":"2021-05-20T01:41:40","modified_gmt":"2021-05-20T01:41:40","slug":"goldwell-dualsenses-curly-twist-shampoo","status":"publish","type":"product","link":"https:\/\/glamaholic.shop\/new\/product\/goldwell-dualsenses-curly-twist-shampoo\/","title":{"rendered":"Goldwell Dualsenses Curly Twist Shampoo"},"content":{"rendered":"<p>Skonsamt schampo f\u00f6r \u00f6kad sp\u00e4nst och  elasticitet. Tillf\u00f6r fukt och sp\u00e4nst i lockigt  och v\u00e5gigt h\u00e5r. Inneh\u00e5ller bambuextrakt  som ger sammanh\u00e5llna, gl\u00e4nsande och  elastiska lockar.<br \/><strong>Anv\u00e4ndning:<\/strong><br \/>F\u00f6rdela j\u00e4mnt i v\u00e5tt h\u00e5r och massera till  skum. Sk\u00f6lj ur.<br \/>250ml<br \/>&nbsp;<\/p>\n","protected":false},"excerpt":{"rendered":"<p>Goldwell Dualsenses Curly Twist Shampoo<\/p>\n","protected":false},"featured_media":924,"comment_status":"closed","ping_status":"open","template":"","meta":{"_monsterinsights_skip_tracking":false,"_monsterinsights_sitenote_active":false,"_monsterinsights_sitenote_note":"","_monsterinsights_sitenote_category":0},"hair-type":[93],"manufacturer":[92],"_links":{"self":[{"href":"https:\/\/glamaholic.shop\/new\/wp-json\/wp\/v2\/product\/3811"}],"collection":[{"href":"https:\/\/glamaholic.shop\/new\/wp-json\/wp\/v2\/product"}],"about":[{"href":"https:\/\/glamaholic.shop\/new\/wp-json\/wp\/v2\/types\/product"}],"replies":[{"embeddable":true,"href":"https:\/\/glamaholic.shop\/new\/wp-json\/wp\/v2\/comments?post=3811"}],"wp:featuredmedia":[{"embeddable":true,"href":"https:\/\/glamaholic.shop\/new\/wp-json\/wp\/v2\/media\/924"}],"wp:attachment":[{"href":"https:\/\/glamaholic.shop\/new\/wp-json\/wp\/v2\/media?parent=3811"}],"wp:term":[{"taxonomy":"hair-type","embeddable":true,"href":"https:\/\/glamaholic.shop\/new\/wp-json\/wp\/v2\/hair-type?post=3811"},{"taxonomy":"manufacturer","embeddable":true,"href":"https:\/\/glamaholic.shop\/new\/wp-json\/wp\/v2\/manufacturer?post=3811"}],"curies":[{"name":"wp","href":"https:\/\/api.w.org\/{rel}","templated":true}]}}