{"id":3806,"date":"2021-05-20T01:41:39","date_gmt":"2021-05-20T01:41:39","guid":{"rendered":"http:\/\/glamaholic.shop\/new\/product\/goldwell-dualsenses-true-color-shampoo-250ml-conditioner-200ml\/"},"modified":"2021-05-20T01:41:40","modified_gmt":"2021-05-20T01:41:40","slug":"goldwell-dualsenses-true-color-shampoo-250ml-conditioner-200ml","status":"publish","type":"product","link":"https:\/\/glamaholic.shop\/new\/product\/goldwell-dualsenses-true-color-shampoo-250ml-conditioner-200ml\/","title":{"rendered":"Goldwell Dualsenses True Color Shampoo 250ml Conditioner 200ml"},"content":{"rendered":"<p>Sulfatfritt med naturliga reng\u00f6rings\u00e4mnen. Ger omedelbar f\u00e4rglyster. S\u00e4rskilt skonsam mot h\u00e5rf\u00e4rgen<br \/><strong>Anv\u00e4ndning:<\/strong><br \/>F\u00f6rdela i fuktigt h\u00e5r och massera till skum. Sk\u00f6lj noga.<strong><br \/><\/strong><\/p>\n<p>Storlek: 250 ml<\/p>\n<p><strong>Goldwell Dualsenses Green True Color Conditioner<\/strong><br \/>F\u00e4rgbevarande med naturliga v\u00e5rd\u00e4mnen. \u00c5terfuktar och g\u00f6r h\u00e5ret mer l\u00e4ttkammat. Skyddar mot fria radikaler.&nbsp;<br \/><strong>Anv\u00e4ndning:<\/strong><br \/>F\u00f6rdela j\u00e4mnt i tv\u00e4ttat h\u00e5r, l\u00e5t verka i en minut och sk\u00f6lj sedan noga.<\/p>\n<p>Storlek: 200 ml<\/p>\n","protected":false},"excerpt":{"rendered":"<p>Goldwell Dualsenses True Color Shampoo 250ml Conditioner 200ml<\/p>\n","protected":false},"featured_media":914,"comment_status":"closed","ping_status":"open","template":"","meta":{"_monsterinsights_skip_tracking":false,"_monsterinsights_sitenote_active":false,"_monsterinsights_sitenote_note":"","_monsterinsights_sitenote_category":0},"hair-type":[],"manufacturer":[92],"_links":{"self":[{"href":"https:\/\/glamaholic.shop\/new\/wp-json\/wp\/v2\/product\/3806"}],"collection":[{"href":"https:\/\/glamaholic.shop\/new\/wp-json\/wp\/v2\/product"}],"about":[{"href":"https:\/\/glamaholic.shop\/new\/wp-json\/wp\/v2\/types\/product"}],"replies":[{"embeddable":true,"href":"https:\/\/glamaholic.shop\/new\/wp-json\/wp\/v2\/comments?post=3806"}],"wp:featuredmedia":[{"embeddable":true,"href":"https:\/\/glamaholic.shop\/new\/wp-json\/wp\/v2\/media\/914"}],"wp:attachment":[{"href":"https:\/\/glamaholic.shop\/new\/wp-json\/wp\/v2\/media?parent=3806"}],"wp:term":[{"taxonomy":"hair-type","embeddable":true,"href":"https:\/\/glamaholic.shop\/new\/wp-json\/wp\/v2\/hair-type?post=3806"},{"taxonomy":"manufacturer","embeddable":true,"href":"https:\/\/glamaholic.shop\/new\/wp-json\/wp\/v2\/manufacturer?post=3806"}],"curies":[{"name":"wp","href":"https:\/\/api.w.org\/{rel}","templated":true}]}}