{"id":3804,"date":"2021-05-20T01:41:39","date_gmt":"2021-05-20T01:41:39","guid":{"rendered":"http:\/\/glamaholic.shop\/new\/product\/goldwell-dualsenses-rich-repair-cream-shampoo-250ml\/"},"modified":"2021-05-20T01:41:40","modified_gmt":"2021-05-20T01:41:40","slug":"goldwell-dualsenses-rich-repair-cream-shampoo-250ml","status":"publish","type":"product","link":"https:\/\/glamaholic.shop\/new\/product\/goldwell-dualsenses-rich-repair-cream-shampoo-250ml\/","title":{"rendered":"Goldwell Dualsenses Rich Repair Cream Shampoo 250ml"},"content":{"rendered":"<p>Milt schampo som reparerar h\u00e5ret, ger omedelbar mjukhet och lyster. Smidig \u00e5teruppbyggnad f\u00f6r torrt och skadat h\u00e5r. Specialutvecklat Repair System med pashmina-silkesproteiner vilket ger h\u00e5ret en frisk glans och en silkeslen k\u00e4nsla.<br \/><strong>Anv\u00e4ndning:<\/strong><br \/>F\u00f6rdela j\u00e4mnt i v\u00e5tt h\u00e5r, massera till skum. Sk\u00f6lj ur.<br \/>250ml<\/p>\n","protected":false},"excerpt":{"rendered":"<p>Goldwell Dualsenses Rich Repair Cream Shampoo 250ml<\/p>\n","protected":false},"featured_media":910,"comment_status":"closed","ping_status":"open","template":"","meta":{"_monsterinsights_skip_tracking":false,"_monsterinsights_sitenote_active":false,"_monsterinsights_sitenote_note":"","_monsterinsights_sitenote_category":0},"hair-type":[88],"manufacturer":[92],"_links":{"self":[{"href":"https:\/\/glamaholic.shop\/new\/wp-json\/wp\/v2\/product\/3804"}],"collection":[{"href":"https:\/\/glamaholic.shop\/new\/wp-json\/wp\/v2\/product"}],"about":[{"href":"https:\/\/glamaholic.shop\/new\/wp-json\/wp\/v2\/types\/product"}],"replies":[{"embeddable":true,"href":"https:\/\/glamaholic.shop\/new\/wp-json\/wp\/v2\/comments?post=3804"}],"wp:featuredmedia":[{"embeddable":true,"href":"https:\/\/glamaholic.shop\/new\/wp-json\/wp\/v2\/media\/910"}],"wp:attachment":[{"href":"https:\/\/glamaholic.shop\/new\/wp-json\/wp\/v2\/media?parent=3804"}],"wp:term":[{"taxonomy":"hair-type","embeddable":true,"href":"https:\/\/glamaholic.shop\/new\/wp-json\/wp\/v2\/hair-type?post=3804"},{"taxonomy":"manufacturer","embeddable":true,"href":"https:\/\/glamaholic.shop\/new\/wp-json\/wp\/v2\/manufacturer?post=3804"}],"curies":[{"name":"wp","href":"https:\/\/api.w.org\/{rel}","templated":true}]}}