{"id":3799,"date":"2021-05-20T01:37:24","date_gmt":"2021-05-20T01:37:24","guid":{"rendered":"http:\/\/glamaholic.shop\/new\/product\/goldwell-dualsenses-green-pure-repair-shampoo\/"},"modified":"2021-05-20T01:37:25","modified_gmt":"2021-05-20T01:37:25","slug":"goldwell-dualsenses-green-pure-repair-shampoo","status":"publish","type":"product","link":"https:\/\/glamaholic.shop\/new\/product\/goldwell-dualsenses-green-pure-repair-shampoo\/","title":{"rendered":"Goldwell Dualsenses Green Pure Repair Shampoo"},"content":{"rendered":"<\/p>\n<ul>\n<li>Naturlig reng\u00f6ring, v\u00e5rdar och reparerar<\/li>\n<li>Motverkar kluvna h\u00e5rtoppar<\/li>\n<li>Skyddar mot fria radikaler<\/li>\n<li>Berikad med 100% ekologiskt noniextrakt och n\u00e4ringsrik sheamj\u00f6lk utvunnen ur sheasm\u00f6r<\/li>\n<li>Inneh\u00e5ller inga konstgjorda doft- och f\u00e4rg\u00e4mnen, silikoner, mineraloljor eller parabener.<\/li>\n<\/ul>\n<p><strong>Anv\u00e4ndning:<\/strong><\/p>\n<p>F\u00f6rdela i fuktigt h\u00e5r och massera till skum. Sk\u00f6lj noga.<\/p>\n<p>Storlek: 250 ml<\/p>\n","protected":false},"excerpt":{"rendered":"<p>Goldwell Dualsenses Green Pure Repair Shampoo<\/p>\n","protected":false},"featured_media":899,"comment_status":"closed","ping_status":"open","template":"","meta":{"_monsterinsights_skip_tracking":false,"_monsterinsights_sitenote_active":false,"_monsterinsights_sitenote_note":"","_monsterinsights_sitenote_category":0},"hair-type":[88],"manufacturer":[92],"_links":{"self":[{"href":"https:\/\/glamaholic.shop\/new\/wp-json\/wp\/v2\/product\/3799"}],"collection":[{"href":"https:\/\/glamaholic.shop\/new\/wp-json\/wp\/v2\/product"}],"about":[{"href":"https:\/\/glamaholic.shop\/new\/wp-json\/wp\/v2\/types\/product"}],"replies":[{"embeddable":true,"href":"https:\/\/glamaholic.shop\/new\/wp-json\/wp\/v2\/comments?post=3799"}],"wp:featuredmedia":[{"embeddable":true,"href":"https:\/\/glamaholic.shop\/new\/wp-json\/wp\/v2\/media\/899"}],"wp:attachment":[{"href":"https:\/\/glamaholic.shop\/new\/wp-json\/wp\/v2\/media?parent=3799"}],"wp:term":[{"taxonomy":"hair-type","embeddable":true,"href":"https:\/\/glamaholic.shop\/new\/wp-json\/wp\/v2\/hair-type?post=3799"},{"taxonomy":"manufacturer","embeddable":true,"href":"https:\/\/glamaholic.shop\/new\/wp-json\/wp\/v2\/manufacturer?post=3799"}],"curies":[{"name":"wp","href":"https:\/\/api.w.org\/{rel}","templated":true}]}}