{"id":3788,"date":"2021-05-20T01:37:22","date_gmt":"2021-05-20T01:37:22","guid":{"rendered":"http:\/\/glamaholic.shop\/new\/product\/poze-keratin-premium-extensions-7nv-cool-brown-20-slingor-50cm\/"},"modified":"2021-05-20T01:37:24","modified_gmt":"2021-05-20T01:37:24","slug":"poze-keratin-premium-extensions-7nv-cool-brown-20-slingor-50cm","status":"publish","type":"product","link":"https:\/\/glamaholic.shop\/new\/product\/poze-keratin-premium-extensions-7nv-cool-brown-20-slingor-50cm\/","title":{"rendered":"Poze Keratin Premium Extensions 7NV Cool Brown 20 Slingor 50cm"},"content":{"rendered":"<p>F\u00e5 l\u00e4ngre och fylligare h\u00e5r med europeiska extensions fr\u00e5n Poze.<\/p>\n<p>Premium Keratin Extensions&nbsp;\u00e4r en permanent h\u00e5rf\u00f6rl\u00e4ngningsmetod som uppfyller dr\u00f6mmen om ett glamor\u00f6st och lyxigt Hollywoodh\u00e5r av absolut h\u00f6gsta kvalit\u00e9 som varar i flera m\u00e5nader. &nbsp;&nbsp;<\/p>\n<p>\u2022&nbsp;Form:&nbsp;Rakt h\u00e5r som \u00e4ven g\u00e5r att forma med lock- eller platt\u00e5ng.<\/p>\n<p>\u2022&nbsp;M\u00e4ngd &amp; M\u00e5tt:&nbsp;Varje paket inneh\u00e5ller 20 slingor som \u00e4r 50cm l\u00e5nga och v\u00e4ger 0,85 gram styck. Du beh\u00f6ver ca 40-60 slingor f\u00f6r en h\u00e5rf\u00f6rtjockning. F\u00f6r en h\u00e5rf\u00f6rl\u00e4ngning beh\u00f6ver du ca 75-150 slingor beroende p\u00e5 hur tjockt ditt h\u00e5r \u00e4r.<\/p>\n<p>Tips!<\/p>\n<p>1.&nbsp;Vi rekommenderar alltid att man klipper av ca 60-70% av sj\u00e4lva keratinet innan slingan f\u00e4sts, detta ger dig mindre och smidigare f\u00e4sten som b\u00e5de k\u00e4nns b\u00e4ttre och h\u00e5ller l\u00e4ngre.<\/p>\n<p>2.&nbsp;F\u00e4st aldrig n\u00e5gra slingor vid h\u00e5rf\u00e4stet eller f\u00f6r h\u00f6gt upp i nacken, detta f\u00f6r att undvika synliga keratinf\u00e4sten.&nbsp;<\/p>\n<p>Poze Premium Quality&nbsp;\u2013&nbsp;Detta h\u00e5r framst\u00e4lls av en speciellt utvald kvalit\u00e9 som \u00e4r finare och h\u00e4rstammar fr\u00e5n s\u00f6dra Europa, vilket passar utm\u00e4rkt till fint skandinaviskt h\u00e5r. Premium Quality \u00e4r rakt och f\u00e5r ett l\u00e4tt naturligt sj\u00e4lvfall efter tv\u00e4tt.&nbsp; Ursprungsnyansen \u00e4r oftast ljusare och kr\u00e4ver d\u00e4rf\u00f6r en skonsammare blekningsprocess innan h\u00e5ret f\u00e4rgas. Resultatet blir ett friskare och starkare h\u00e5r som h\u00e5ller l\u00e4ngre.<\/p>\n<p>100% Naturligt Remy L\u00f6sh\u00e5r som \u00e4r behandlat med&nbsp;<em>Poze Keratin-Refill Process<\/em>&nbsp;som v\u00e5rdar h\u00e5ret med intensiv n\u00e4ring och g\u00f6r det starkare. Remy inneb\u00e4r att alla str\u00e5n i h\u00e5ret \u00e4r r\u00e4ttv\u00e4nda, vilket minimerar trassel och ger l\u00e4ngre h\u00e5llbarhet.<\/p>\n<p>Poze Keratin har marknadens b\u00e4sta vax som varken kladdar eller ger dig bl\u00e5sor p\u00e5 fingrarna under arbetet.<\/p>\n<p>Reng\u00f6ring &amp; Borstning<\/p>\n<p>\u2022 N\u00e4r du tv\u00e4ttar l\u00f6sh\u00e5ret \u00e4r det alltid b\u00e4st att l\u00e5ta h\u00e5ret sj\u00e4lvtorka, du kan \u00e4ven anv\u00e4nda f\u00f6n med l\u00e5g v\u00e4rme f\u00f6r att p\u00e5skynda torknings processen, t\u00e4nk p\u00e5 att h\u00e5lla f\u00f6nen p\u00e5 ca 30cm avst\u00e5nd. Sov aldrig med v\u00e5tt h\u00e5r.<\/p>\n<p>\u2022 Borsta igenom h\u00e5ret noga f\u00f6re h\u00e5rtv\u00e4tt och separera f\u00e4stena fr\u00e5n varandra med fingrarna.<\/p>\n<p>\u2022 N\u00e4r du duschar ska du f\u00f6rsiktigt massera in schampot med ned\u00e5triktade r\u00f6relser, GNUGGA EJ. Sk\u00f6lj sedan noga! Duscha inte med varmt vatten, ljummet rekommenderas. Anv\u00e4nd rikligt med balsam och inpackning samtidigt som du kammar ut h\u00e5ret. Tv\u00e4tta inte dina extensions oftare \u00e4n n\u00f6dv\u00e4ndigt f\u00f6r att undvika on\u00f6dig slitage.<\/p>\n<p>\u2022 Man b\u00f6r regelbundet anv\u00e4nda inpackning som reparerar, men applicera inte balsam eller inpackning d\u00e4r du f\u00e4st h\u00e5ret eftersom det blir fettigt och g\u00f6r att f\u00e4stet kan sl\u00e4ppa eller glida av.<\/p>\n<p>\u2022 Borsta igenom h\u00e5ret varje dag och b\u00f6rja vid topparna n\u00e4r du borstar. Vi rekommenderar svinborstar f\u00f6r l\u00f6sh\u00e5r. Anv\u00e4nd gles borste f\u00f6r att reda ut tovor och trassel i h\u00e5ret innan det torkar. Borsta helst n\u00e4r h\u00e5ret \u00e4r torrt. H\u00e5ll alltid emot vid f\u00e4stet n\u00e4r du borstar h\u00e5ret f\u00f6r att undvika att rycka och slita av dina extensions.<\/p>\n<p>\u2022 Fl\u00e4ta ihop h\u00e5ret p\u00e5 natten. Det finns inget som sliter s\u00e5 mycket som n\u00e4r man ligger och sover eftersom man vrider och gnuggar h\u00e5ret under natten. Anv\u00e4nd snodd utan metall p\u00e5. G\u00e5 aldrig och l\u00e4gg dig med v\u00e5tt h\u00e5r. Borsta igenom det igen n\u00e4r du vaknat.<\/p>\n<p>Styling<\/p>\n<p>\u2022 Du kan locka och platta l\u00f6sh\u00e5ret. Du kan styla dina h\u00e5rf\u00f6rl\u00e4ngningar precis som ditt vanliga h\u00e5r, var extra varsam och anv\u00e4nd rekommenderade h\u00e5rv\u00e5rdsprodukter. Anv\u00e4nd v\u00e4rmeskyddande produkter &amp; undvik att platta eller f\u00f6na l\u00f6sh\u00e5ret f\u00f6r ofta. Ju oftare desto snabbare slits h\u00e5ret.<\/p>\n<p>\u2022 L\u00e4gg aldrig lock- eller platt-t\u00e5ng direkt p\u00e5 f\u00e4stet.&nbsp;<\/p>\n<p>\u2022 Var noga med att inte anv\u00e4nda produkter som inneh\u00e5ller alkohol, oljor eller silikoner direkt p\u00e5 f\u00e4stet, d\u00e5 det kan \u00e4ndra h\u00e5rf\u00f6rl\u00e4ngningens egenskaper samt att silikoner g\u00f6r att h\u00e5ret kan bli trassligt.<\/p>\n<p>Undvik dessa i ditt l\u00f6sh\u00e5r. Anv\u00e4nd ist\u00e4llet silkesdroppar.<\/p>\n<p>\u2022 Spraya inte h\u00e5rspray som inneh\u00e5ller alkohol p\u00e5 ditt l\u00f6sh\u00e5r eftersom detta sliter p\u00e5 h\u00e5ret. Undvik styling produkter som inneh\u00e5ller kemikalier\/alkohol s\u00e5 som spray &amp; gel\u00e9 p\u00e5 ditt l\u00f6sh\u00e5r.<\/p>\n<p>Undvik<\/p>\n<p>\u2022 Stark sol, v\u00e4rme, bad i klor- och saltvatten g\u00f6r att h\u00e5ret slits extra mycket. H\u00e5ret kan trassla sig ordentligt av saltvatten och klor samt kan g\u00f6ra att blont h\u00e5r missf\u00e4rgas. Sk\u00f6lj h\u00e5ret noga med s\u00f6tvatten efter s\u00e5dan exponering &amp; anv\u00e4nd inpackning samt leave in produkter som skyddar h\u00e5ret. Helst av allt, undvik att bada h\u00e5ret.<\/p>\n<p>Vi ansvarar inte f\u00f6r l\u00f6sh\u00e5r som anv\u00e4nts i sol eller bad.&nbsp;&nbsp;<\/p>\n<p>\u2022 All toning, f\u00e4rgning eller annan kemisk behandling p\u00e5 h\u00e5ret sker p\u00e5 egen risk. Vi rekommenderar inte s\u00e5dana behandlingar p\u00e5 ditt l\u00f6sh\u00e5r eftersom det redan \u00e4r tillr\u00e4ckligt behandlat. Vi ers\u00e4tter inte h\u00e5r som f\u00f6rst\u00f6rts pga. kemiska behandlingar.<\/p>\n<p>Poze rekommenderar dig att alltid anv\u00e4nda kvalitetsprodukter p\u00e5 ditt l\u00f6sh\u00e5r.<\/p>\n","protected":false},"excerpt":{"rendered":"<p>Poze Keratin Premium Extensions 7NV Cool Brown 20 Slingor 50cm<\/p>\n","protected":false},"featured_media":877,"comment_status":"closed","ping_status":"open","template":"","meta":{"_monsterinsights_skip_tracking":false,"_monsterinsights_sitenote_active":false,"_monsterinsights_sitenote_note":"","_monsterinsights_sitenote_category":0},"hair-type":[],"manufacturer":[119],"_links":{"self":[{"href":"https:\/\/glamaholic.shop\/new\/wp-json\/wp\/v2\/product\/3788"}],"collection":[{"href":"https:\/\/glamaholic.shop\/new\/wp-json\/wp\/v2\/product"}],"about":[{"href":"https:\/\/glamaholic.shop\/new\/wp-json\/wp\/v2\/types\/product"}],"replies":[{"embeddable":true,"href":"https:\/\/glamaholic.shop\/new\/wp-json\/wp\/v2\/comments?post=3788"}],"wp:featuredmedia":[{"embeddable":true,"href":"https:\/\/glamaholic.shop\/new\/wp-json\/wp\/v2\/media\/877"}],"wp:attachment":[{"href":"https:\/\/glamaholic.shop\/new\/wp-json\/wp\/v2\/media?parent=3788"}],"wp:term":[{"taxonomy":"hair-type","embeddable":true,"href":"https:\/\/glamaholic.shop\/new\/wp-json\/wp\/v2\/hair-type?post=3788"},{"taxonomy":"manufacturer","embeddable":true,"href":"https:\/\/glamaholic.shop\/new\/wp-json\/wp\/v2\/manufacturer?post=3788"}],"curies":[{"name":"wp","href":"https:\/\/api.w.org\/{rel}","templated":true}]}}