{"id":3751,"date":"2021-05-20T01:37:16","date_gmt":"2021-05-20T01:37:16","guid":{"rendered":"http:\/\/glamaholic.shop\/new\/product\/maria-nila-colour-masque-burnt-orange-150ml\/"},"modified":"2021-05-20T01:37:18","modified_gmt":"2021-05-20T01:37:18","slug":"maria-nila-colour-masque-burnt-orange-150ml","status":"publish","type":"product","link":"https:\/\/glamaholic.shop\/new\/product\/maria-nila-colour-masque-burnt-orange-150ml\/","title":{"rendered":"Maria Nila Colour Masque Burnt Orange 150ml"},"content":{"rendered":"<p>Fr\u00e4scha upp din h\u00e5rf\u00e4rg snabbt och enkelt med&nbsp;Maria Nila Colour Masque! Denna v\u00e5rdande inpackning inneh\u00e5ller f\u00e4rgpigment som p\u00e5 ett snabbt och enkelt s\u00e4tt fr\u00e4schar upp din h\u00e5rf\u00e4rg.&nbsp;Den \u00e4r skonsam och har en \u00e5teruppbyggande&nbsp;effekt. Tv\u00e4tta och handdukstorka h\u00e5ret.<br \/>Applicera Colour Masque, kamma&nbsp;och l\u00e4mna i 5-15 minuter beroende&nbsp;p\u00e5 \u00f6nskad intensitet och h\u00e5rets&nbsp;por\u00f6sitet.&nbsp;<br \/>&nbsp;Efter verkningstiden slut,&nbsp;sk\u00f6lj noga och styla efter \u00f6nskem\u00e5l.<br \/>150ml<\/p>\n","protected":false},"excerpt":{"rendered":"<p>Fr\u00e4scha upp din h\u00e5rf\u00e4rg snabbt och enkelt med&nbsp;Maria Nila Colour Masque! Denna v\u00e5rdande inpackning inneh\u00e5ller f\u00e4rgpigment som p\u00e5 ett snabbt och enkelt s\u00e4tt fr\u00e4schar upp din h\u00e5rf\u00e4rg.&nbsp;Den \u00e4r skonsam och har en \u00e5teruppbyggande&nbsp;effekt. Tv\u00e4tta och handdukstorka h\u00e5ret.Applicera Colour Masque, kamma&nbsp;och l\u00e4mna i 5-15 minuter beroende&nbsp;p\u00e5 \u00f6nskad intensitet och h\u00e5rets&nbsp;por\u00f6sitet.&nbsp;&nbsp;Efter verkningstiden slut,&nbsp;sk\u00f6lj noga och styla efter [&hellip;]<\/p>\n","protected":false},"featured_media":802,"comment_status":"closed","ping_status":"open","template":"","meta":{"_monsterinsights_skip_tracking":false,"_monsterinsights_sitenote_active":false,"_monsterinsights_sitenote_note":"","_monsterinsights_sitenote_category":0},"hair-type":[83],"manufacturer":[104],"_links":{"self":[{"href":"https:\/\/glamaholic.shop\/new\/wp-json\/wp\/v2\/product\/3751"}],"collection":[{"href":"https:\/\/glamaholic.shop\/new\/wp-json\/wp\/v2\/product"}],"about":[{"href":"https:\/\/glamaholic.shop\/new\/wp-json\/wp\/v2\/types\/product"}],"replies":[{"embeddable":true,"href":"https:\/\/glamaholic.shop\/new\/wp-json\/wp\/v2\/comments?post=3751"}],"wp:featuredmedia":[{"embeddable":true,"href":"https:\/\/glamaholic.shop\/new\/wp-json\/wp\/v2\/media\/802"}],"wp:attachment":[{"href":"https:\/\/glamaholic.shop\/new\/wp-json\/wp\/v2\/media?parent=3751"}],"wp:term":[{"taxonomy":"hair-type","embeddable":true,"href":"https:\/\/glamaholic.shop\/new\/wp-json\/wp\/v2\/hair-type?post=3751"},{"taxonomy":"manufacturer","embeddable":true,"href":"https:\/\/glamaholic.shop\/new\/wp-json\/wp\/v2\/manufacturer?post=3751"}],"curies":[{"name":"wp","href":"https:\/\/api.w.org\/{rel}","templated":true}]}}