{"id":3746,"date":"2021-05-20T01:37:16","date_gmt":"2021-05-20T01:37:16","guid":{"rendered":"http:\/\/glamaholic.shop\/new\/product\/evo-fabuloso-platinum-blonde\/"},"modified":"2021-05-20T01:37:18","modified_gmt":"2021-05-20T01:37:18","slug":"evo-fabuloso-platinum-blonde","status":"publish","type":"product","link":"https:\/\/glamaholic.shop\/new\/product\/evo-fabuloso-platinum-blonde\/","title":{"rendered":"Evo Fabuloso Platinum Blonde"},"content":{"rendered":"<p>Ett f\u00e4rgf\u00f6rst\u00e4rkande balsam som omedelbart f\u00f6rst\u00e4rker din h\u00e5rf\u00e4rg kombinerat med en n\u00e4rande behandling som \u00e5terfuktar, reparerar och ger glans. Rekommenderas till tr\u00e5kigt, torrt, blonderat h\u00e5r som vill bli av med gula toner.<br \/>Tv\u00e4tta och handdukstorka h\u00e5ret, anv\u00e4nd handskar. Sprid ut 4-8 pumpar, beroende p\u00e5 h\u00e5rl\u00e4ngd, med kam eller fingrar, l\u00e5t sitta i tre minuter och sk\u00f6lj sedan ur till vattnet \u00e4r klart.<br \/>Inneh\u00e5ller:<br \/>250ml&nbsp;<\/p>\n","protected":false},"excerpt":{"rendered":"<p>Evo Fabuloso Platinum Blonde<\/p>\n","protected":false},"featured_media":792,"comment_status":"closed","ping_status":"open","template":"","meta":{"_monsterinsights_skip_tracking":false,"_monsterinsights_sitenote_active":false,"_monsterinsights_sitenote_note":"","_monsterinsights_sitenote_category":0},"hair-type":[83],"manufacturer":[89],"_links":{"self":[{"href":"https:\/\/glamaholic.shop\/new\/wp-json\/wp\/v2\/product\/3746"}],"collection":[{"href":"https:\/\/glamaholic.shop\/new\/wp-json\/wp\/v2\/product"}],"about":[{"href":"https:\/\/glamaholic.shop\/new\/wp-json\/wp\/v2\/types\/product"}],"replies":[{"embeddable":true,"href":"https:\/\/glamaholic.shop\/new\/wp-json\/wp\/v2\/comments?post=3746"}],"wp:featuredmedia":[{"embeddable":true,"href":"https:\/\/glamaholic.shop\/new\/wp-json\/wp\/v2\/media\/792"}],"wp:attachment":[{"href":"https:\/\/glamaholic.shop\/new\/wp-json\/wp\/v2\/media?parent=3746"}],"wp:term":[{"taxonomy":"hair-type","embeddable":true,"href":"https:\/\/glamaholic.shop\/new\/wp-json\/wp\/v2\/hair-type?post=3746"},{"taxonomy":"manufacturer","embeddable":true,"href":"https:\/\/glamaholic.shop\/new\/wp-json\/wp\/v2\/manufacturer?post=3746"}],"curies":[{"name":"wp","href":"https:\/\/api.w.org\/{rel}","templated":true}]}}