{"id":3693,"date":"2021-05-20T01:37:10","date_gmt":"2021-05-20T01:37:10","guid":{"rendered":"http:\/\/glamaholic.shop\/new\/product\/schwarzkopf-igora-vibrance-95-1-platinablond-cendre\/"},"modified":"2021-05-20T01:37:10","modified_gmt":"2021-05-20T01:37:10","slug":"schwarzkopf-igora-vibrance-95-1-platinablond-cendre","status":"publish","type":"product","link":"https:\/\/glamaholic.shop\/new\/product\/schwarzkopf-igora-vibrance-95-1-platinablond-cendre\/","title":{"rendered":"Schwarzkopf Igora Vibrance 9,5-1 Platinablond Cendr\u00e9"},"content":{"rendered":"<p> Igora Vibrance: En intensiv och sprakande f\u00e4rgupplevelse.<\/p>\n<p> Denna l\u00e4ttblandade f\u00e4rgkr\u00e4m \u00e4r fri fr\u00e5n ammoniak och<br \/> ger str\u00e5lande och livfulla f\u00e4rgresultat. Pigmenten tr\u00e4nger<br \/> djupt in i h\u00e5ret f\u00f6r att uppn\u00e5 ett rikt f\u00e4rgresultat och <br \/> \u00f6verl\u00e4gsen gr\u00e5h\u00e5rst\u00e4ckning. Inneh\u00e5ller intensiva v\u00e5rd\u00e4mnen,<br \/> vitaminer och lipider som ger styrka och ett mjukt <br \/> gl\u00e4nsande h\u00e5r. Med Igora Vibrance utsr\u00e5lar h\u00e5ret intensiv <br \/> f\u00e4rg och oemotst\u00e5ndlig glans.<\/p>\n<p> <strong>Bruksanvisning:<\/strong><\/p>\n<p> <strong>F\u00f6rberedelser:<\/strong><br \/> Innan du b\u00f6rjar f\u00e4rgbehandlingen, se till att ha n\u00e5got <br \/> som kan skydda kl\u00e4derna och anv\u00e4nd handskar.<br \/> Igora Vibrance skall anv\u00e4ndas p\u00e5 torrt h\u00e5r. <br \/> Inneh\u00e5llet r\u00e4cker f\u00f6r 1 till 2 appliceringar beroende p\u00e5<br \/> h\u00e5rets l\u00e4ngd.<\/p>\n<p> <strong>Anv\u00e4ndning:<\/strong><br \/> Skydda kl\u00e4derna och anv\u00e4nd hanskar.<br \/> Skruva av korken p\u00e5 applikatorflaskan.<br \/> H\u00e4ll h\u00e4lften av f\u00e4rgtubens inneh\u00e5ll (30m) i applikatorflaskan.<br \/> Skruva p\u00e5 korken igen och skaka kraftigt tills inneh\u00e5llet<br \/> har blandats ordentligt till en j\u00e4mn, smidig kr\u00e4m.<\/p>\n<p> <strong>Om det \u00e4r f\u00f6rsta g\u00e5ngen du anv\u00e4nder f\u00e4rgen:<\/strong><br \/> Den g\u00e4r appliceringen rekommenderas f\u00f6r h\u00e5r som inte<br \/> nyligen f\u00e4rgats med en permanet h\u00e5rf\u00e4rg. Skruva av<br \/> toppen p\u00e5 applikatorflaskan och applicera Igora<br \/> Vibrance i det torra h\u00e5ret direkt fr\u00e5n flaskan. <br \/> Applicera j\u00e4mnt fr\u00e5n rot till topp och kamma igenom.<br \/> Verkningstid: 10-20 minuter berodende p\u00e5 \u00f6nskad <br \/> f\u00e4rgintensitet. Ju n\u00e4rmare maximal verkningstid desto<br \/> intensivare resultat och desto b\u00e4ttre gr\u00e5h\u00e5rst\u00e4ckning.<\/p>\n<p> <strong>Utv\u00e4xtbehandling:<\/strong><br \/> Den h\u00e4r appliceringen rekommenderas f\u00f6r h\u00e5r som<br \/> nyligen f\u00e4rgats och d\u00e4r du kan se en utv\u00e4xtrand.<br \/> Skruva av toppen p\u00e5 applikatorflaskan och applicera<br \/> Igora Vibrance i torrs h\u00e5r direkt fr\u00e5n flaskan.<br \/> Applicera f\u00f6rst enbart p\u00e5 utv\u00e4xten, l\u00e5t verka i 10-15 minuter.<br \/> Applicera sedan p\u00e5 l\u00e4ngder och toppar och l\u00e5t <br \/> verka i ytterligare 5-10 minuter. Kamma igenom.<\/p>\n<p> <strong>F\u00f6r fint h\u00e5r:<\/strong><br \/> Behandla alltid h\u00e5rf\u00e4stet runt ansiktet och nacken sist.<br \/> Om inneh\u00e5llet i en applikatorflaska inte \u00e4r tillsr\u00e4ckligt ,<br \/> h\u00e4ll i den resterande h\u00e4lften av tuben i den andra <br \/> applikatorflaskan, skakakraftigt tills inneh\u00e5llet har <br \/> blandats ordentligt till en j\u00e4mn, smidigt kr\u00e4m.<\/p>\n<p> <strong>Efterbehandlingen:<\/strong><br \/> N\u00e4r verkningstiden \u00e4r slut sk\u00f6lj noga ur och schamponera<br \/> med bc Color Save Shampoo.<\/p>\n","protected":false},"excerpt":{"rendered":"<p>Schwarzkopf Igora Vibrance 9,5-1 Platinablond Cendr\u00e9<\/p>\n","protected":false},"featured_media":686,"comment_status":"closed","ping_status":"open","template":"","meta":{"_monsterinsights_skip_tracking":false,"_monsterinsights_sitenote_active":false,"_monsterinsights_sitenote_note":"","_monsterinsights_sitenote_category":0},"hair-type":[],"manufacturer":[112],"_links":{"self":[{"href":"https:\/\/glamaholic.shop\/new\/wp-json\/wp\/v2\/product\/3693"}],"collection":[{"href":"https:\/\/glamaholic.shop\/new\/wp-json\/wp\/v2\/product"}],"about":[{"href":"https:\/\/glamaholic.shop\/new\/wp-json\/wp\/v2\/types\/product"}],"replies":[{"embeddable":true,"href":"https:\/\/glamaholic.shop\/new\/wp-json\/wp\/v2\/comments?post=3693"}],"wp:featuredmedia":[{"embeddable":true,"href":"https:\/\/glamaholic.shop\/new\/wp-json\/wp\/v2\/media\/686"}],"wp:attachment":[{"href":"https:\/\/glamaholic.shop\/new\/wp-json\/wp\/v2\/media?parent=3693"}],"wp:term":[{"taxonomy":"hair-type","embeddable":true,"href":"https:\/\/glamaholic.shop\/new\/wp-json\/wp\/v2\/hair-type?post=3693"},{"taxonomy":"manufacturer","embeddable":true,"href":"https:\/\/glamaholic.shop\/new\/wp-json\/wp\/v2\/manufacturer?post=3693"}],"curies":[{"name":"wp","href":"https:\/\/api.w.org\/{rel}","templated":true}]}}