{"id":3636,"date":"2021-05-20T01:36:57","date_gmt":"2021-05-20T01:36:57","guid":{"rendered":"http:\/\/glamaholic.shop\/new\/product\/goldwell-colorance-soft-color-5vr\/"},"modified":"2021-05-20T01:36:58","modified_gmt":"2021-05-20T01:36:58","slug":"goldwell-colorance-soft-color-5vr","status":"publish","type":"product","link":"https:\/\/glamaholic.shop\/new\/product\/goldwell-colorance-soft-color-5vr\/","title":{"rendered":"Goldwell Colorance Soft Color 5VR"},"content":{"rendered":"<p>Enkel skumtoning med snabbt resultat! Soft Color \u00e4r en snabbverkande skumtoning som \u00e4r enkel att av\u00e4nda. H\u00e5ret f\u00e5r f\u00e4rg, mer lyster och glans.<\/p>\n<ul>\n<li>Skonsam skumtoning f\u00f6r h\u00e5ret<\/li>\n<li>N\u00e5r 80% av sin f\u00e4rgintensitet p\u00e5 endast 5 minuter<\/li>\n<li>Ger lysande och gl\u00e4nsande f\u00e4rgresultat<\/li>\n<\/ul>\n<p><strong>Anv\u00e4ndning: <\/strong><br \/>Snabb och enkel applicering med h\u00e4nderna, kam eller borste. Anv\u00e4nd handskar vid applicering och sk\u00f6lj ur<br \/>125ml<\/p>\n","protected":false},"excerpt":{"rendered":"<p>Goldwell Colorance Soft Color 5VR<\/p>\n","protected":false},"featured_media":577,"comment_status":"closed","ping_status":"open","template":"","meta":{"_monsterinsights_skip_tracking":false,"_monsterinsights_sitenote_active":false,"_monsterinsights_sitenote_note":"","_monsterinsights_sitenote_category":0},"hair-type":[],"manufacturer":[92],"_links":{"self":[{"href":"https:\/\/glamaholic.shop\/new\/wp-json\/wp\/v2\/product\/3636"}],"collection":[{"href":"https:\/\/glamaholic.shop\/new\/wp-json\/wp\/v2\/product"}],"about":[{"href":"https:\/\/glamaholic.shop\/new\/wp-json\/wp\/v2\/types\/product"}],"replies":[{"embeddable":true,"href":"https:\/\/glamaholic.shop\/new\/wp-json\/wp\/v2\/comments?post=3636"}],"wp:featuredmedia":[{"embeddable":true,"href":"https:\/\/glamaholic.shop\/new\/wp-json\/wp\/v2\/media\/577"}],"wp:attachment":[{"href":"https:\/\/glamaholic.shop\/new\/wp-json\/wp\/v2\/media?parent=3636"}],"wp:term":[{"taxonomy":"hair-type","embeddable":true,"href":"https:\/\/glamaholic.shop\/new\/wp-json\/wp\/v2\/hair-type?post=3636"},{"taxonomy":"manufacturer","embeddable":true,"href":"https:\/\/glamaholic.shop\/new\/wp-json\/wp\/v2\/manufacturer?post=3636"}],"curies":[{"name":"wp","href":"https:\/\/api.w.org\/{rel}","templated":true}]}}